{"id":8856,"date":"2019-03-19T08:50:03","date_gmt":"2019-03-19T13:50:03","guid":{"rendered":"https:\/\/portagepower.com\/hydroelectricite\/etat-de-new-york\/"},"modified":"2023-02-23T14:47:01","modified_gmt":"2023-02-23T19:47:01","slug":"etat-de-new-york","status":"publish","type":"page","link":"https:\/\/portagepower.com\/fr\/etat-de-new-york\/","title":{"rendered":"\u00c9tat de New York"},"content":{"rendered":"<div class=\"wpb-content-wrapper\"><p>[vc_row][vc_column][rev_slider alias=\u00a0\u00bbpost-long-title\u00a0\u00bb][\/vc_column][\/vc_row][vc_row content_aligment=\u00a0\u00bbcenter\u00a0\u00bb css=\u00a0\u00bb.vc_custom_1553269181865{padding-top: 100px !important;}\u00a0\u00bb el_class=\u00a0\u00bbtriangle-title\u00a0\u00bb][vc_column width=\u00a0\u00bb1\/4&Prime; el_class=\u00a0\u00bbmain-title-box\u00a0\u00bb][vc_single_image image=\u00a0\u00bb8502&Prime;][\/vc_column][vc_column width=\u00a0\u00bb1\/2&Prime;][vc_column_text]<\/p>\n<h2>CENTRALES AU<br \/>\nFIL DE L\u2019EAU<\/h2>\n<p>[\/vc_column_text][\/vc_column][vc_column width=\u00a0\u00bb1\/4&Prime;][\/vc_column][\/vc_row][vc_row content_aligment=\u00a0\u00bbcenter\u00a0\u00bb css=\u00a0\u00bb.vc_custom_1553108912084{margin-top: 30px !important;padding-bottom: 100px !important;}\u00a0\u00bb][vc_column width=\u00a0\u00bb1\/4&Prime; el_class=\u00a0\u00bbmain-title-box\u00a0\u00bb][\/vc_column][vc_column width=\u00a0\u00bb1\/2&Prime; css=\u00a0\u00bb.vc_custom_1556892091970{padding-right: 50px !important;padding-left: 50px !important;}\u00a0\u00bb][vc_column_text]<\/p>\n<p class=\"lead\">En juillet 2015, Portage \u00c9nergie a fait l\u2019acquisition, aupr\u00e8s de Fortis Inc., de quatre centrales au fil de l\u2019eau dans l\u2019\u00c9tat de New York. La puissance combin\u00e9e de ces centrales situ\u00e9es \u00e0 Lyons Falls, \u00e0 Dolgeville, \u00e0 Philadelphia et \u00e0 Diana totalise 22,6 MW.<\/p>\n<p>[\/vc_column_text][\/vc_column][vc_column width=\u00a0\u00bb1\/4&Prime;][\/vc_column][\/vc_row][vc_row content_aligment=\u00a0\u00bbcenter\u00a0\u00bb][vc_column][vc_empty_space height=\u00a0\u00bb15px\u00a0\u00bb el_class=\u00a0\u00bbcolor-line-section\u00a0\u00bb][\/vc_column][\/vc_row][vc_row content_width=\u00a0\u00bbgrid\u00a0\u00bb css=\u00a0\u00bb.vc_custom_1553108876019{padding-top: 72px !important;padding-bottom: 57px !important;background-position: center !important;background-repeat: no-repeat !important;background-size: cover !important;}\u00a0\u00bb][vc_column offset=\u00a0\u00bbvc_col-md-5&Prime;][vc_column_text css=\u00a0\u00bb.vc_custom_1677181349580{padding-bottom: 15px !important;}\u00a0\u00bb]<\/p>\n<h3 class=\"font-big\">Philadelphia<\/h3>\n<p><span class=\"lead-2\">La centrale de Philadelphia se trouve sur la rivi\u00e8re Indian, pr\u00e8s du village de Philadelphia, dans le comt\u00e9 de Jefferson. Elle comprend un seul groupe turbine-alternateur. Cette centrale sans personnel a une puissance de 3,6 MW. Elle est command\u00e9e automatiquement par la r\u00e9gulation du niveau des eaux d\u2019amont \u00e0 la prise d\u2019eau.<\/span><\/p>\n<p>On a mis la centrale en service en 1986 et am\u00e9lior\u00e9 les syst\u00e8mes de commande en 1998. Gr\u00e2ce \u00e0 ces am\u00e9liorations, le personnel d\u2019exploitation peut continuellement surveiller l\u2019exploitation au moyen du syst\u00e8me SCADA (Supervisory Control and Data Acquisition).[\/vc_column_text][\/vc_column][vc_column offset=\u00a0\u00bbvc_col-md-7&Prime;]<div class=\"qodef-image-gallery\">\n\t<div class=\"qodef-image-gallery-grid qodef-gallery-columns-2 \" >\n\t\t\t\t\t<div class=\"qodef-gallery-image\">\n\t\t\t\t\t\t\t\t<a href=\"https:\/\/portagepower.com\/wp-content\/uploads\/2019\/02\/Philadelphia-3.jpg\" data-rel=\"prettyPhoto[single_pretty_photo]\" title=\"Philadelphia\">\n\t\t\t\t\t\t\t\t\t\t<img loading=\"lazy\" decoding=\"async\" src=\"https:\/\/portagepower.com\/wp-content\/uploads\/2019\/02\/Philadelphia-3.jpg\" alt=\"Philadelphia\" width=\"308\" height=\"206\">\n\t\t\t\t\t\t\t\t\t<\/a>\n\t\t\t\t\t\t<\/div>\n\t\t\t\t\t<div class=\"qodef-gallery-image\">\n\t\t\t\t\t\t\t\t<a href=\"https:\/\/portagepower.com\/wp-content\/uploads\/2019\/02\/Philadelphia-2.jpg\" data-rel=\"prettyPhoto[single_pretty_photo]\" title=\"Philadelphia\">\n\t\t\t\t\t\t\t\t\t\t<img loading=\"lazy\" decoding=\"async\" src=\"https:\/\/portagepower.com\/wp-content\/uploads\/2019\/02\/Philadelphia-2.jpg\" alt=\"Philadelphia\" width=\"308\" height=\"206\">\n\t\t\t\t\t\t\t\t\t<\/a>\n\t\t\t\t\t\t<\/div>\n\t\t\t\t\t<div class=\"qodef-gallery-image\">\n\t\t\t\t\t\t\t\t<a href=\"https:\/\/portagepower.com\/wp-content\/uploads\/2019\/02\/Philadelphia.jpg\" data-rel=\"prettyPhoto[single_pretty_photo]\" title=\"Philadelphia\">\n\t\t\t\t\t\t\t\t\t\t<img loading=\"lazy\" decoding=\"async\" src=\"https:\/\/portagepower.com\/wp-content\/uploads\/2019\/02\/Philadelphia.jpg\" alt=\"Philadelphia\" width=\"308\" height=\"206\">\n\t\t\t\t\t\t\t\t\t<\/a>\n\t\t\t\t\t\t<\/div>\n\t\t\t\t\t<div class=\"qodef-gallery-image\">\n\t\t\t\t\t\t\t\t<a href=\"https:\/\/portagepower.com\/wp-content\/uploads\/2019\/02\/Philadelphia-4.jpg\" data-rel=\"prettyPhoto[single_pretty_photo]\" title=\"Philadelphia\">\n\t\t\t\t\t\t\t\t\t\t<img loading=\"lazy\" decoding=\"async\" src=\"https:\/\/portagepower.com\/wp-content\/uploads\/2019\/02\/Philadelphia-4.jpg\" alt=\"Philadelphia\" width=\"308\" height=\"206\">\n\t\t\t\t\t\t\t\t\t<\/a>\n\t\t\t\t\t\t<\/div>\n\t\t\t<\/div>\n<\/div>[\/vc_column][\/vc_row][vc_row content_width=\u00a0\u00bbgrid\u00a0\u00bb css=\u00a0\u00bb.vc_custom_1553104358582{padding-top: 72px !important;padding-bottom: 57px !important;background-color: #383d42 !important;background-position: center !important;background-repeat: no-repeat !important;background-size: cover !important;}\u00a0\u00bb][vc_column offset=\u00a0\u00bbvc_col-md-7&Prime;]<div class=\"qodef-image-gallery\">\n\t<div class=\"qodef-image-gallery-grid qodef-gallery-columns-2 \" >\n\t\t\t\t\t<div class=\"qodef-gallery-image\">\n\t\t\t\t\t\t\t\t<a href=\"https:\/\/portagepower.com\/wp-content\/uploads\/2019\/02\/Diana-4.jpg\" data-rel=\"prettyPhoto[single_pretty_photo]\" title=\"Diana\">\n\t\t\t\t\t\t\t\t\t\t<img loading=\"lazy\" decoding=\"async\" src=\"https:\/\/portagepower.com\/wp-content\/uploads\/2019\/02\/Diana-4.jpg\" alt=\"Diana\" width=\"308\" height=\"206\">\n\t\t\t\t\t\t\t\t\t<\/a>\n\t\t\t\t\t\t<\/div>\n\t\t\t\t\t<div class=\"qodef-gallery-image\">\n\t\t\t\t\t\t\t\t<a href=\"https:\/\/portagepower.com\/wp-content\/uploads\/2019\/02\/Diana-3.jpg\" data-rel=\"prettyPhoto[single_pretty_photo]\" title=\"Diana\">\n\t\t\t\t\t\t\t\t\t\t<img loading=\"lazy\" decoding=\"async\" src=\"https:\/\/portagepower.com\/wp-content\/uploads\/2019\/02\/Diana-3.jpg\" alt=\"Diana\" width=\"308\" height=\"206\">\n\t\t\t\t\t\t\t\t\t<\/a>\n\t\t\t\t\t\t<\/div>\n\t\t\t\t\t<div class=\"qodef-gallery-image\">\n\t\t\t\t\t\t\t\t<a href=\"https:\/\/portagepower.com\/wp-content\/uploads\/2019\/02\/Diana-2.jpg\" data-rel=\"prettyPhoto[single_pretty_photo]\" title=\"Diana\">\n\t\t\t\t\t\t\t\t\t\t<img loading=\"lazy\" decoding=\"async\" src=\"https:\/\/portagepower.com\/wp-content\/uploads\/2019\/02\/Diana-2.jpg\" alt=\"Diana\" width=\"308\" height=\"206\">\n\t\t\t\t\t\t\t\t\t<\/a>\n\t\t\t\t\t\t<\/div>\n\t\t\t\t\t<div class=\"qodef-gallery-image\">\n\t\t\t\t\t\t\t\t<a href=\"https:\/\/portagepower.com\/wp-content\/uploads\/2019\/02\/Diana.jpg\" data-rel=\"prettyPhoto[single_pretty_photo]\" title=\"Diana\">\n\t\t\t\t\t\t\t\t\t\t<img loading=\"lazy\" decoding=\"async\" src=\"https:\/\/portagepower.com\/wp-content\/uploads\/2019\/02\/Diana.jpg\" alt=\"Diana\" width=\"308\" height=\"206\">\n\t\t\t\t\t\t\t\t\t<\/a>\n\t\t\t\t\t\t<\/div>\n\t\t\t<\/div>\n<\/div>[\/vc_column][vc_column offset=\u00a0\u00bbvc_col-md-5&Prime;][vc_column_text css=\u00a0\u00bb.vc_custom_1677181358883{padding-bottom: 15px !important;}\u00a0\u00bb]<\/p>\n<h3 class=\"light-blue font-big\">Diana<\/h3>\n<p><span class=\"lead-2 white\">La centrale de Diana se trouve sur le bras ouest de la rivi\u00e8re Oswegatchie, dans le village de Harrisville, plus pr\u00e9cis\u00e9ment dans le secteur nord-est de la ville de Diana, dans le comt\u00e9 de Lewis. Cette installation a \u00e9t\u00e9 construite \u00e0 l\u2019emplacement de la St. Regis Paper Mill, qui a cess\u00e9 ses activit\u00e9s en 1963.<\/span><\/p>\n<p><span class=\"white\">Cette centrale, qui compte un seul groupe turbine-alternateur, poss\u00e8de une puissance de 1,8 MW. Il s\u2019agit d\u2019une centrale sans personnel command\u00e9e automatiquement par la r\u00e9gulation du niveau des eaux d\u2019amont \u00e0 la prise d\u2019eau.<\/span>[\/vc_column_text][\/vc_column][\/vc_row][vc_row content_width=\u00a0\u00bbgrid\u00a0\u00bb css=\u00a0\u00bb.vc_custom_1553108876019{padding-top: 72px !important;padding-bottom: 57px !important;background-position: center !important;background-repeat: no-repeat !important;background-size: cover !important;}\u00a0\u00bb][vc_column offset=\u00a0\u00bbvc_col-md-5&Prime;][vc_column_text css=\u00a0\u00bb.vc_custom_1677181367391{padding-bottom: 15px !important;}\u00a0\u00bb]<\/p>\n<h3 class=\"font-big\">Moose River<\/h3>\n<p><span class=\"lead-2\">La centrale de Moose River se trouve sur la rivi\u00e8re du m\u00eame nom, dans la ville de Lyonsdale, dans le comt\u00e9 de Lewis. Elle compte un seul groupe turbine-alternateur et sa puissance s\u2019\u00e9l\u00e8ve \u00e0 12,2 MW. Il s\u2019agit \u00e9galement d\u2019une centrale sans personnel command\u00e9e automatiquement par la r\u00e9gulation du niveau des eaux d\u2019amont \u00e0 la prise d\u2019eau.<\/span><\/p>\n<p>Le groupe turbine-alternateur de la centrale a \u00e9t\u00e9 install\u00e9 en 1987. La centrale est exploit\u00e9e \u00e0 distance, mais le site demeure sous surveillance constante gr\u00e2ce au syst\u00e8me SCADA. Les employ\u00e9s charg\u00e9s de l\u2019exploitation se rendent sur place quotidiennement pour s\u2019assurer que l\u2019exploitation se poursuit sans probl\u00e8mes.[\/vc_column_text][\/vc_column][vc_column offset=\u00a0\u00bbvc_col-md-7&Prime;]<div class=\"qodef-image-gallery\">\n\t<div class=\"qodef-image-gallery-grid qodef-gallery-columns-2 \" >\n\t\t\t\t\t<div class=\"qodef-gallery-image\">\n\t\t\t\t\t\t\t\t<a href=\"https:\/\/portagepower.com\/wp-content\/uploads\/2019\/02\/Moose-River-2.jpg\" data-rel=\"prettyPhoto[single_pretty_photo]\" title=\"Moose River\">\n\t\t\t\t\t\t\t\t\t\t<img loading=\"lazy\" decoding=\"async\" src=\"https:\/\/portagepower.com\/wp-content\/uploads\/2019\/02\/Moose-River-2.jpg\" alt=\"Moose River\" width=\"308\" height=\"206\">\n\t\t\t\t\t\t\t\t\t<\/a>\n\t\t\t\t\t\t<\/div>\n\t\t\t\t\t<div class=\"qodef-gallery-image\">\n\t\t\t\t\t\t\t\t<a href=\"https:\/\/portagepower.com\/wp-content\/uploads\/2019\/02\/Moose-River.jpg\" data-rel=\"prettyPhoto[single_pretty_photo]\" title=\"Moose River\">\n\t\t\t\t\t\t\t\t\t\t<img loading=\"lazy\" decoding=\"async\" src=\"https:\/\/portagepower.com\/wp-content\/uploads\/2019\/02\/Moose-River.jpg\" alt=\"Moose River\" width=\"308\" height=\"206\">\n\t\t\t\t\t\t\t\t\t<\/a>\n\t\t\t\t\t\t<\/div>\n\t\t\t\t\t<div class=\"qodef-gallery-image\">\n\t\t\t\t\t\t\t\t<a href=\"https:\/\/portagepower.com\/wp-content\/uploads\/2019\/02\/Moose-River-6.jpg\" data-rel=\"prettyPhoto[single_pretty_photo]\" title=\"Moose River\">\n\t\t\t\t\t\t\t\t\t\t<img loading=\"lazy\" decoding=\"async\" src=\"https:\/\/portagepower.com\/wp-content\/uploads\/2019\/02\/Moose-River-6.jpg\" alt=\"Moose River\" width=\"308\" height=\"206\">\n\t\t\t\t\t\t\t\t\t<\/a>\n\t\t\t\t\t\t<\/div>\n\t\t\t\t\t<div class=\"qodef-gallery-image\">\n\t\t\t\t\t\t\t\t<a href=\"https:\/\/portagepower.com\/wp-content\/uploads\/2019\/02\/Moose-River-5.jpg\" data-rel=\"prettyPhoto[single_pretty_photo]\" title=\"Moose River\">\n\t\t\t\t\t\t\t\t\t\t<img loading=\"lazy\" decoding=\"async\" src=\"https:\/\/portagepower.com\/wp-content\/uploads\/2019\/02\/Moose-River-5.jpg\" alt=\"Moose River\" width=\"308\" height=\"206\">\n\t\t\t\t\t\t\t\t\t<\/a>\n\t\t\t\t\t\t<\/div>\n\t\t\t<\/div>\n<\/div>[\/vc_column][\/vc_row][vc_row content_width=\u00a0\u00bbgrid\u00a0\u00bb css=\u00a0\u00bb.vc_custom_1553104358582{padding-top: 72px !important;padding-bottom: 57px !important;background-color: #383d42 !important;background-position: center !important;background-repeat: no-repeat !important;background-size: cover !important;}\u00a0\u00bb][vc_column offset=\u00a0\u00bbvc_col-md-7&Prime;]<div class=\"qodef-image-gallery\">\n\t<div class=\"qodef-image-gallery-grid qodef-gallery-columns-2 \" >\n\t\t\t\t\t<div class=\"qodef-gallery-image\">\n\t\t\t\t\t\t\t\t<a href=\"https:\/\/portagepower.com\/wp-content\/uploads\/2019\/02\/Dolgeville-4.jpg\" data-rel=\"prettyPhoto[single_pretty_photo]\" title=\"Dolgeville\">\n\t\t\t\t\t\t\t\t\t\t<img loading=\"lazy\" decoding=\"async\" src=\"https:\/\/portagepower.com\/wp-content\/uploads\/2019\/02\/Dolgeville-4.jpg\" alt=\"Dolgeville\" width=\"308\" height=\"206\">\n\t\t\t\t\t\t\t\t\t<\/a>\n\t\t\t\t\t\t<\/div>\n\t\t\t\t\t<div class=\"qodef-gallery-image\">\n\t\t\t\t\t\t\t\t<a href=\"https:\/\/portagepower.com\/wp-content\/uploads\/2019\/02\/Dolgeville-3.jpg\" data-rel=\"prettyPhoto[single_pretty_photo]\" title=\"Dolgeville\">\n\t\t\t\t\t\t\t\t\t\t<img loading=\"lazy\" decoding=\"async\" src=\"https:\/\/portagepower.com\/wp-content\/uploads\/2019\/02\/Dolgeville-3.jpg\" alt=\"Dolgeville\" width=\"308\" height=\"206\">\n\t\t\t\t\t\t\t\t\t<\/a>\n\t\t\t\t\t\t<\/div>\n\t\t\t\t\t<div class=\"qodef-gallery-image\">\n\t\t\t\t\t\t\t\t<a href=\"https:\/\/portagepower.com\/wp-content\/uploads\/2019\/02\/Dolgeville-2.jpg\" data-rel=\"prettyPhoto[single_pretty_photo]\" title=\"Dolgeville\">\n\t\t\t\t\t\t\t\t\t\t<img loading=\"lazy\" decoding=\"async\" src=\"https:\/\/portagepower.com\/wp-content\/uploads\/2019\/02\/Dolgeville-2.jpg\" alt=\"Dolgeville\" width=\"308\" height=\"206\">\n\t\t\t\t\t\t\t\t\t<\/a>\n\t\t\t\t\t\t<\/div>\n\t\t\t\t\t<div class=\"qodef-gallery-image\">\n\t\t\t\t\t\t\t\t<a href=\"https:\/\/portagepower.com\/wp-content\/uploads\/2019\/02\/Dolgeville.jpg\" data-rel=\"prettyPhoto[single_pretty_photo]\" title=\"Dolgeville\">\n\t\t\t\t\t\t\t\t\t\t<img loading=\"lazy\" decoding=\"async\" src=\"https:\/\/portagepower.com\/wp-content\/uploads\/2019\/02\/Dolgeville.jpg\" alt=\"Dolgeville\" width=\"308\" height=\"206\">\n\t\t\t\t\t\t\t\t\t<\/a>\n\t\t\t\t\t\t<\/div>\n\t\t\t<\/div>\n<\/div>[\/vc_column][vc_column offset=\u00a0\u00bbvc_col-md-5&Prime;][vc_column_text css=\u00a0\u00bb.vc_custom_1677181421497{padding-bottom: 15px !important;}\u00a0\u00bb]<\/p>\n<h3 class=\"light-blue font-big\">Dolgeville<\/h3>\n<p><span class=\"lead-2 white\">La centrale de Dolgeville est situ\u00e9e sur le ruisseau East Canada, dans le village de Dolgeville, dans le comt\u00e9 de Herkimer. D\u2019une puissance de 5,0 MW, elle comprend un seul groupe turbine-alternateur. L\u2019\u00e9quipement de cette centrale hydro\u00e9lectrique dot\u00e9e en personnel permet une commande manuelle ou automatis\u00e9e.<\/span><\/p>\n<p><span class=\"white\">La centrale est entr\u00e9e en service en 1985. Les employ\u00e9s d\u2019exploitation sont sur place quotidiennement pour surveiller en continu les activit\u00e9s de la centrale, qu\u2019un syst\u00e8me SCADA permet de commander \u00e0 distance.<\/span>[\/vc_column_text][\/vc_column][\/vc_row]<\/p>\n<\/div>","protected":false},"excerpt":{"rendered":"<p>[vc_row][vc_column][rev_slider alias=\u00a0\u00bbpost-long-title\u00a0\u00bb][\/vc_column][\/vc_row][vc_row content_aligment=\u00a0\u00bbcenter\u00a0\u00bb css=\u00a0\u00bb.vc_custom_1553269181865{padding-top: 100px !important;}\u00a0\u00bb el_class=\u00a0\u00bbtriangle-title\u00a0\u00bb][vc_column width=\u00a0\u00bb1\/4&Prime; el_class=\u00a0\u00bbmain-title-box\u00a0\u00bb][vc_single_image image=\u00a0\u00bb8502&Prime;][\/vc_column][vc_column width=\u00a0\u00bb1\/2&Prime;][vc_column_text] CENTRALES AU FIL DE L\u2019EAU [\/vc_column_text][\/vc_column][vc_column width=\u00a0\u00bb1\/4&Prime;][\/vc_column][\/vc_row][vc_row content_aligment=\u00a0\u00bbcenter\u00a0\u00bb css=\u00a0\u00bb.vc_custom_1553108912084{margin-top: 30px !important;padding-bottom: 100px !important;}\u00a0\u00bb][vc_column width=\u00a0\u00bb1\/4&Prime; el_class=\u00a0\u00bbmain-title-box\u00a0\u00bb][\/vc_column][vc_column width=\u00a0\u00bb1\/2&Prime; css=\u00a0\u00bb.vc_custom_1556892091970{padding-right:&#8230;<\/p>\n","protected":false},"author":7,"featured_media":8510,"parent":0,"menu_order":0,"comment_status":"closed","ping_status":"closed","template":"full-width.php","meta":{"footnotes":""},"class_list":["post-8856","page","type-page","status-publish","has-post-thumbnail","hentry"],"yoast_head":"<!-- This site is optimized with the Yoast SEO plugin v27.5 - https:\/\/yoast.com\/product\/yoast-seo-wordpress\/ -->\n<title>\u00c9tat de New York | Portage \u00c9nergie<\/title>\n<meta name=\"description\" content=\"Portage Power poss\u00e8de quatre centrales au fil de l\u2019eau dans l\u2019\u00c9tat de New York, plus pr\u00e9cis\u00e9ment \u00e0 Lyons Falls, \u00e0 Dolgeville, \u00e0 Philadelphia et \u00e0 Diana.\" \/>\n<meta name=\"robots\" content=\"index, follow, max-snippet:-1, max-image-preview:large, max-video-preview:-1\" \/>\n<link rel=\"canonical\" href=\"https:\/\/portagepower.com\/fr\/hydroelectricite-old\/etat-de-new-york\/\" \/>\n<meta property=\"og:locale\" content=\"fr_FR\" \/>\n<meta property=\"og:type\" content=\"article\" \/>\n<meta property=\"og:title\" content=\"\u00c9tat de New York | Portage \u00c9nergie\" \/>\n<meta property=\"og:description\" content=\"Portage Power poss\u00e8de quatre centrales au fil de l\u2019eau dans l\u2019\u00c9tat de New York, plus pr\u00e9cis\u00e9ment \u00e0 Lyons Falls, \u00e0 Dolgeville, \u00e0 Philadelphia et \u00e0 Diana.\" \/>\n<meta property=\"og:url\" content=\"https:\/\/portagepower.com\/fr\/hydroelectricite-old\/etat-de-new-york\/\" \/>\n<meta property=\"og:site_name\" content=\"Portage Power\" \/>\n<meta property=\"article:modified_time\" content=\"2023-02-23T19:47:01+00:00\" \/>\n<meta property=\"og:image\" content=\"https:\/\/portagepower.com\/wp-content\/uploads\/2019\/02\/LUT7302-1024x682.jpg\" \/>\n\t<meta property=\"og:image:width\" content=\"1024\" \/>\n\t<meta property=\"og:image:height\" content=\"682\" \/>\n\t<meta property=\"og:image:type\" content=\"image\/jpeg\" \/>\n<meta name=\"twitter:card\" content=\"summary_large_image\" \/>\n<meta name=\"twitter:label1\" content=\"Dur\u00e9e de lecture estim\u00e9e\" \/>\n\t<meta name=\"twitter:data1\" content=\"3 minutes\" \/>\n<script type=\"application\/ld+json\" class=\"yoast-schema-graph\">{\"@context\":\"https:\\\/\\\/schema.org\",\"@graph\":[{\"@type\":\"WebPage\",\"@id\":\"https:\\\/\\\/portagepower.com\\\/fr\\\/hydroelectricite-old\\\/etat-de-new-york\\\/\",\"url\":\"https:\\\/\\\/portagepower.com\\\/fr\\\/hydroelectricite-old\\\/etat-de-new-york\\\/\",\"name\":\"\u00c9tat de New York | Portage \u00c9nergie\",\"isPartOf\":{\"@id\":\"https:\\\/\\\/portagepower.com\\\/#website\"},\"primaryImageOfPage\":{\"@id\":\"https:\\\/\\\/portagepower.com\\\/fr\\\/hydroelectricite-old\\\/etat-de-new-york\\\/#primaryimage\"},\"image\":{\"@id\":\"https:\\\/\\\/portagepower.com\\\/fr\\\/hydroelectricite-old\\\/etat-de-new-york\\\/#primaryimage\"},\"thumbnailUrl\":\"https:\\\/\\\/portagepower.com\\\/wp-content\\\/uploads\\\/2019\\\/02\\\/LUT7302.jpg\",\"datePublished\":\"2019-03-19T13:50:03+00:00\",\"dateModified\":\"2023-02-23T19:47:01+00:00\",\"description\":\"Portage Power poss\u00e8de quatre centrales au fil de l\u2019eau dans l\u2019\u00c9tat de New York, plus pr\u00e9cis\u00e9ment \u00e0 Lyons Falls, \u00e0 Dolgeville, \u00e0 Philadelphia et \u00e0 Diana.\",\"breadcrumb\":{\"@id\":\"https:\\\/\\\/portagepower.com\\\/fr\\\/hydroelectricite-old\\\/etat-de-new-york\\\/#breadcrumb\"},\"inLanguage\":\"fr-FR\",\"potentialAction\":[{\"@type\":\"ReadAction\",\"target\":[\"https:\\\/\\\/portagepower.com\\\/fr\\\/hydroelectricite-old\\\/etat-de-new-york\\\/\"]}]},{\"@type\":\"ImageObject\",\"inLanguage\":\"fr-FR\",\"@id\":\"https:\\\/\\\/portagepower.com\\\/fr\\\/hydroelectricite-old\\\/etat-de-new-york\\\/#primaryimage\",\"url\":\"https:\\\/\\\/portagepower.com\\\/wp-content\\\/uploads\\\/2019\\\/02\\\/LUT7302.jpg\",\"contentUrl\":\"https:\\\/\\\/portagepower.com\\\/wp-content\\\/uploads\\\/2019\\\/02\\\/LUT7302.jpg\",\"width\":4797,\"height\":3193},{\"@type\":\"BreadcrumbList\",\"@id\":\"https:\\\/\\\/portagepower.com\\\/fr\\\/hydroelectricite-old\\\/etat-de-new-york\\\/#breadcrumb\",\"itemListElement\":[{\"@type\":\"ListItem\",\"position\":1,\"name\":\"Home\",\"item\":\"https:\\\/\\\/portagepower.com\\\/fr\\\/\"},{\"@type\":\"ListItem\",\"position\":2,\"name\":\"Hydro\u00e9lectricit\u00e9 (Old)\",\"item\":\"https:\\\/\\\/portagepower.com\\\/fr\\\/?page_id=8839\"},{\"@type\":\"ListItem\",\"position\":3,\"name\":\"\u00c9tat de New York\"}]},{\"@type\":\"WebSite\",\"@id\":\"https:\\\/\\\/portagepower.com\\\/#website\",\"url\":\"https:\\\/\\\/portagepower.com\\\/\",\"name\":\"Portage Power\",\"description\":\"Generating Renewable Power\",\"potentialAction\":[{\"@type\":\"SearchAction\",\"target\":{\"@type\":\"EntryPoint\",\"urlTemplate\":\"https:\\\/\\\/portagepower.com\\\/?s={search_term_string}\"},\"query-input\":{\"@type\":\"PropertyValueSpecification\",\"valueRequired\":true,\"valueName\":\"search_term_string\"}}],\"inLanguage\":\"fr-FR\"}]}<\/script>\n<!-- \/ Yoast SEO plugin. -->","yoast_head_json":{"title":"\u00c9tat de New York | Portage \u00c9nergie","description":"Portage Power poss\u00e8de quatre centrales au fil de l\u2019eau dans l\u2019\u00c9tat de New York, plus pr\u00e9cis\u00e9ment \u00e0 Lyons Falls, \u00e0 Dolgeville, \u00e0 Philadelphia et \u00e0 Diana.","robots":{"index":"index","follow":"follow","max-snippet":"max-snippet:-1","max-image-preview":"max-image-preview:large","max-video-preview":"max-video-preview:-1"},"canonical":"https:\/\/portagepower.com\/fr\/hydroelectricite-old\/etat-de-new-york\/","og_locale":"fr_FR","og_type":"article","og_title":"\u00c9tat de New York | Portage \u00c9nergie","og_description":"Portage Power poss\u00e8de quatre centrales au fil de l\u2019eau dans l\u2019\u00c9tat de New York, plus pr\u00e9cis\u00e9ment \u00e0 Lyons Falls, \u00e0 Dolgeville, \u00e0 Philadelphia et \u00e0 Diana.","og_url":"https:\/\/portagepower.com\/fr\/hydroelectricite-old\/etat-de-new-york\/","og_site_name":"Portage Power","article_modified_time":"2023-02-23T19:47:01+00:00","og_image":[{"width":1024,"height":682,"url":"https:\/\/portagepower.com\/wp-content\/uploads\/2019\/02\/LUT7302-1024x682.jpg","type":"image\/jpeg"}],"twitter_card":"summary_large_image","twitter_misc":{"Dur\u00e9e de lecture estim\u00e9e":"3 minutes"},"schema":{"@context":"https:\/\/schema.org","@graph":[{"@type":"WebPage","@id":"https:\/\/portagepower.com\/fr\/hydroelectricite-old\/etat-de-new-york\/","url":"https:\/\/portagepower.com\/fr\/hydroelectricite-old\/etat-de-new-york\/","name":"\u00c9tat de New York | Portage \u00c9nergie","isPartOf":{"@id":"https:\/\/portagepower.com\/#website"},"primaryImageOfPage":{"@id":"https:\/\/portagepower.com\/fr\/hydroelectricite-old\/etat-de-new-york\/#primaryimage"},"image":{"@id":"https:\/\/portagepower.com\/fr\/hydroelectricite-old\/etat-de-new-york\/#primaryimage"},"thumbnailUrl":"https:\/\/portagepower.com\/wp-content\/uploads\/2019\/02\/LUT7302.jpg","datePublished":"2019-03-19T13:50:03+00:00","dateModified":"2023-02-23T19:47:01+00:00","description":"Portage Power poss\u00e8de quatre centrales au fil de l\u2019eau dans l\u2019\u00c9tat de New York, plus pr\u00e9cis\u00e9ment \u00e0 Lyons Falls, \u00e0 Dolgeville, \u00e0 Philadelphia et \u00e0 Diana.","breadcrumb":{"@id":"https:\/\/portagepower.com\/fr\/hydroelectricite-old\/etat-de-new-york\/#breadcrumb"},"inLanguage":"fr-FR","potentialAction":[{"@type":"ReadAction","target":["https:\/\/portagepower.com\/fr\/hydroelectricite-old\/etat-de-new-york\/"]}]},{"@type":"ImageObject","inLanguage":"fr-FR","@id":"https:\/\/portagepower.com\/fr\/hydroelectricite-old\/etat-de-new-york\/#primaryimage","url":"https:\/\/portagepower.com\/wp-content\/uploads\/2019\/02\/LUT7302.jpg","contentUrl":"https:\/\/portagepower.com\/wp-content\/uploads\/2019\/02\/LUT7302.jpg","width":4797,"height":3193},{"@type":"BreadcrumbList","@id":"https:\/\/portagepower.com\/fr\/hydroelectricite-old\/etat-de-new-york\/#breadcrumb","itemListElement":[{"@type":"ListItem","position":1,"name":"Home","item":"https:\/\/portagepower.com\/fr\/"},{"@type":"ListItem","position":2,"name":"Hydro\u00e9lectricit\u00e9 (Old)","item":"https:\/\/portagepower.com\/fr\/?page_id=8839"},{"@type":"ListItem","position":3,"name":"\u00c9tat de New York"}]},{"@type":"WebSite","@id":"https:\/\/portagepower.com\/#website","url":"https:\/\/portagepower.com\/","name":"Portage Power","description":"Generating Renewable Power","potentialAction":[{"@type":"SearchAction","target":{"@type":"EntryPoint","urlTemplate":"https:\/\/portagepower.com\/?s={search_term_string}"},"query-input":{"@type":"PropertyValueSpecification","valueRequired":true,"valueName":"search_term_string"}}],"inLanguage":"fr-FR"}]}},"_links":{"self":[{"href":"https:\/\/portagepower.com\/fr\/wp-json\/wp\/v2\/pages\/8856","targetHints":{"allow":["GET"]}}],"collection":[{"href":"https:\/\/portagepower.com\/fr\/wp-json\/wp\/v2\/pages"}],"about":[{"href":"https:\/\/portagepower.com\/fr\/wp-json\/wp\/v2\/types\/page"}],"author":[{"embeddable":true,"href":"https:\/\/portagepower.com\/fr\/wp-json\/wp\/v2\/users\/7"}],"replies":[{"embeddable":true,"href":"https:\/\/portagepower.com\/fr\/wp-json\/wp\/v2\/comments?post=8856"}],"version-history":[{"count":5,"href":"https:\/\/portagepower.com\/fr\/wp-json\/wp\/v2\/pages\/8856\/revisions"}],"predecessor-version":[{"id":8928,"href":"https:\/\/portagepower.com\/fr\/wp-json\/wp\/v2\/pages\/8856\/revisions\/8928"}],"wp:featuredmedia":[{"embeddable":true,"href":"https:\/\/portagepower.com\/fr\/wp-json\/wp\/v2\/media\/8510"}],"wp:attachment":[{"href":"https:\/\/portagepower.com\/fr\/wp-json\/wp\/v2\/media?parent=8856"}],"curies":[{"name":"wp","href":"https:\/\/api.w.org\/{rel}","templated":true}]}}