{"id":8776,"date":"2019-03-06T11:11:24","date_gmt":"2019-03-06T16:11:24","guid":{"rendered":"https:\/\/portagepower.com\/about\/"},"modified":"2025-10-07T13:30:05","modified_gmt":"2025-10-07T18:30:05","slug":"a-propos-de-nous-old","status":"publish","type":"page","link":"https:\/\/portagepower.com\/fr\/a-propos-de-nous-old\/","title":{"rendered":"\u00c0 propos de nous (old)"},"content":{"rendered":"<div class=\"wpb-content-wrapper\"><p>[vc_row][vc_column][rev_slider alias=\u00a0\u00bbpost\u00a0\u00bb][\/vc_column][\/vc_row][vc_row content_aligment=\u00a0\u00bbcenter\u00a0\u00bb css=\u00a0\u00bb.vc_custom_1553775351609{padding-top: 100px !important;}\u00a0\u00bb el_class=\u00a0\u00bbtriangle-title\u00a0\u00bb][vc_column width=\u00a0\u00bb1\/4&Prime; el_class=\u00a0\u00bbmain-title-box\u00a0\u00bb][vc_single_image image=\u00a0\u00bb8653&Prime;][\/vc_column][vc_column width=\u00a0\u00bb1\/2&Prime;][vc_column_text]<\/p>\n<h2>NOTRE HISTOIRE<\/h2>\n<p>[\/vc_column_text][\/vc_column][vc_column width=\u00a0\u00bb1\/4&Prime;][\/vc_column][\/vc_row][vc_row content_aligment=\u00a0\u00bbcenter\u00a0\u00bb css=\u00a0\u00bb.vc_custom_1553775339701{padding-bottom: 100px !important;}\u00a0\u00bb][vc_column width=\u00a0\u00bb1\/4&Prime; el_class=\u00a0\u00bbmain-title-box\u00a0\u00bb][\/vc_column][vc_column width=\u00a0\u00bb1\/2&Prime;][vc_column_text css=\u00a0\u00bb\u00a0\u00bb]Nous sommes r\u00e9solus \u00e0 b\u00e2tir un avenir \u00e9nerg\u00e9tique durable dont b\u00e9n\u00e9ficieront les populations et la plan\u00e8te gr\u00e2ce \u00e0 nos pratiques de production propres et \u00e0 notre approche ax\u00e9e sur la collectivit\u00e9 \u2013 parce que nous savons que la fa\u00e7on dont nous faisons les choses est importante. Nous tirons parti des technologies renouvelables pour produire de l\u2019\u00e9lectricit\u00e9 de fa\u00e7on responsable, au b\u00e9n\u00e9fice non seulement des entreprises mais aussi des collectivit\u00e9s qui nous entourent. Notre travail rend la vie des gens plus facile, efficace et agr\u00e9able, tout en leur assurant un mode de vie plus durable. Nous sommes convaincus de pouvoir aider \u00e0 fa\u00e7onner l\u2019avenir de l\u2019industrie et mieux renseigner et mobiliser les clients en partageant nos connaissances et notre exp\u00e9rience.<\/p>\n<p>Fond\u00e9e en 2000 sous le nom d\u2019\u00c9nergie Ottawa, Portage \u00c9nergie est le plus important producteur d\u2019\u00e9nergie verte appartenant \u00e0 une municipalit\u00e9 en Ontario. Depuis plus de dix ans, nous nous adaptons et prenons notre essor pour r\u00e9pondre \u00e0 la demande d\u2019\u00e9nergie gr\u00e2ce \u00e0 nos installations de production \u00e9tablies au Canada et aux \u00c9tats-Unis. Portage \u00c9nergie est une filiale de le Groupe Hydro Ottawa. Ces derni\u00e8res ann\u00e9es, notre capacit\u00e9 de production d\u2019\u00e9nergie renouvelable a plus que quintupl\u00e9 \u2013 passant de 22 MW en 2012 \u00e0 128 MW aujourd\u2019hui. Et ce n\u2019est que le d\u00e9but.<\/p>\n<p class=\"lead\">Nous consacrons notre \u00e9nergie \u00e0 b\u00e2tir un avenir meilleur.<\/p>\n<p>[\/vc_column_text][\/vc_column][vc_column width=\u00a0\u00bb1\/4&Prime;][\/vc_column][\/vc_row][vc_row content_width=\u00a0\u00bbgrid\u00a0\u00bb][vc_column width=\u00a0\u00bb2\/3&Prime; el_class=\u00a0\u00bbimg-container\u00a0\u00bb][vc_single_image image=\u00a0\u00bb8675&Prime; img_size=\u00a0\u00bbfull\u00a0\u00bb][\/vc_column][vc_column width=\u00a0\u00bb1\/3&Prime; el_class=\u00a0\u00bbtxt-container\u00a0\u00bb][vc_column_text el_class=\u00a0\u00bboverlay-txt overlay-txt-right\u00a0\u00bb]<\/p>\n<h2>NOUS CROYONS AU POTENTIEL DES GENS ET DE LA TECHNOLOGIE.<\/h2>\n<p>[\/vc_column_text][\/vc_column][\/vc_row][vc_row content_width=\u00a0\u00bbgrid\u00a0\u00bb][vc_column width=\u00a0\u00bb1\/2&Prime; el_class=\u00a0\u00bbtxt-container\u00a0\u00bb][vc_column_text el_class=\u00a0\u00bboverlay-txt overlay-txt-left\u00a0\u00bb]<\/p>\n<h2>NOUS CROYONS QUE NOUS AVONS TOUS ENSEMBLE LE POUVOIR DE TRANSFORMER L\u2019AVENIR.<\/h2>\n<p>[\/vc_column_text][\/vc_column][vc_column width=\u00a0\u00bb1\/2&Prime; el_class=\u00a0\u00bbimg-container\u00a0\u00bb][vc_single_image image=\u00a0\u00bb8676&Prime; img_size=\u00a0\u00bbfull\u00a0\u00bb][\/vc_column][\/vc_row][vc_row content_width=\u00a0\u00bbgrid\u00a0\u00bb][vc_column width=\u00a0\u00bb2\/3&Prime; el_class=\u00a0\u00bbimg-container\u00a0\u00bb][vc_single_image image=\u00a0\u00bb8677&Prime; img_size=\u00a0\u00bbfull\u00a0\u00bb][\/vc_column][vc_column width=\u00a0\u00bb1\/3&Prime; el_class=\u00a0\u00bbtxt-container\u00a0\u00bb][vc_column_text el_class=\u00a0\u00bboverlay-txt overlay-txt-right-2&Prime;]<\/p>\n<h2>NOUS CROYONS QUE L\u2019HISTOIRE DE L\u2019\u00c9NERGIE PROPRE NE SE LIMITE PAS \u00c0 L\u2019INNOVATION ET \u00c0 LA R\u00c9DUCTION DES CO\u00dbTS<\/h2>\n<p>Elle repose sur les gens.[\/vc_column_text][\/vc_column][\/vc_row][vc_row content_width=\u00a0\u00bbgrid\u00a0\u00bb][vc_column width=\u00a0\u00bb1\/3&Prime; el_class=\u00a0\u00bbtxt-container\u00a0\u00bb offset=\u00a0\u00bbvc_col-lg-4 vc_col-xs-6&Prime;][vc_column_text el_class=\u00a0\u00bboverlay-txt overlay-txt-left-2&Prime;]<\/p>\n<h2>NOUS CROYONS POUVOIR FAIRE PROGRESSER L\u2019INDUSTRIE<\/h2>\n<p>Gr\u00e2ce \u00e0 notre travail, \u00e0 notre approche et \u00e0 nos r\u00e9ussites.[\/vc_column_text][\/vc_column][vc_column width=\u00a0\u00bb2\/3&Prime; el_class=\u00a0\u00bbimg-container\u00a0\u00bb][vc_single_image image=\u00a0\u00bb8678&Prime; img_size=\u00a0\u00bbfull\u00a0\u00bb][\/vc_column][\/vc_row][vc_row content_aligment=\u00a0\u00bbcenter\u00a0\u00bb css=\u00a0\u00bb.vc_custom_1553775351609{padding-top: 100px !important;}\u00a0\u00bb el_class=\u00a0\u00bbtriangle-title\u00a0\u00bb][vc_column width=\u00a0\u00bb1\/4&Prime; el_class=\u00a0\u00bbmain-title-box\u00a0\u00bb][vc_single_image image=\u00a0\u00bb8653&Prime;][\/vc_column][vc_column width=\u00a0\u00bb1\/2&Prime;][vc_column_text]<\/p>\n<h2>NOTRE \u00c9QUIPE<\/h2>\n<p>[\/vc_column_text][\/vc_column][vc_column width=\u00a0\u00bb1\/4&Prime;][\/vc_column][\/vc_row][vc_row content_aligment=\u00a0\u00bbcenter\u00a0\u00bb css=\u00a0\u00bb.vc_custom_1553775339701{padding-bottom: 100px !important;}\u00a0\u00bb][vc_column width=\u00a0\u00bb1\/4&Prime; el_class=\u00a0\u00bbmain-title-box\u00a0\u00bb][\/vc_column][vc_column width=\u00a0\u00bb1\/2&Prime;][vc_column_text]<\/p>\n<p class=\"lead\">Notre \u00e9quipe regroupe des travailleurs, de gestionnaires de projets et des ing\u00e9nieurs qualifi\u00e9s qui font preuve d\u2019innovation et unissent leurs efforts pour b\u00e2tir un avenir \u00e9nerg\u00e9tique propre. Nous sommes des pionniers qui se passionnent pour la production d\u2019\u00e9nergie propre et renouvelable. Nous unissons nos efforts pour pr\u00e9parer des lendemains radieux.<\/p>\n<p>[\/vc_column_text][\/vc_column][vc_column width=\u00a0\u00bb1\/4&Prime;][\/vc_column][\/vc_row]<\/p>\n<\/div>","protected":false},"excerpt":{"rendered":"<p>[vc_row][vc_column][rev_slider alias=\u00a0\u00bbpost\u00a0\u00bb][\/vc_column][\/vc_row][vc_row content_aligment=\u00a0\u00bbcenter\u00a0\u00bb css=\u00a0\u00bb.vc_custom_1553775351609{padding-top: 100px !important;}\u00a0\u00bb el_class=\u00a0\u00bbtriangle-title\u00a0\u00bb][vc_column width=\u00a0\u00bb1\/4&Prime; el_class=\u00a0\u00bbmain-title-box\u00a0\u00bb][vc_single_image image=\u00a0\u00bb8653&Prime;][\/vc_column][vc_column width=\u00a0\u00bb1\/2&Prime;][vc_column_text] NOTRE HISTOIRE [\/vc_column_text][\/vc_column][vc_column width=\u00a0\u00bb1\/4&Prime;][\/vc_column][\/vc_row][vc_row content_aligment=\u00a0\u00bbcenter\u00a0\u00bb css=\u00a0\u00bb.vc_custom_1553775339701{padding-bottom: 100px !important;}\u00a0\u00bb][vc_column width=\u00a0\u00bb1\/4&Prime; el_class=\u00a0\u00bbmain-title-box\u00a0\u00bb][\/vc_column][vc_column width=\u00a0\u00bb1\/2&Prime;][vc_column_text css=\u00a0\u00bb\u00a0\u00bb]Nous sommes r\u00e9solus \u00e0 b\u00e2tir un&#8230;<\/p>\n","protected":false},"author":3,"featured_media":8646,"parent":0,"menu_order":0,"comment_status":"closed","ping_status":"closed","template":"full-width.php","meta":{"footnotes":""},"class_list":["post-8776","page","type-page","status-publish","has-post-thumbnail","hentry"],"yoast_head":"<!-- This site is optimized with the Yoast SEO plugin v27.4 - https:\/\/yoast.com\/product\/yoast-seo-wordpress\/ -->\n<title>\u00c0 propos de nous | Portage \u00c9nergie<\/title>\n<meta name=\"description\" content=\"Nous consacrons notre \u00e9nergie \u00e0 b\u00e2tir un avenir meilleur.\" \/>\n<meta name=\"robots\" content=\"index, follow, max-snippet:-1, max-image-preview:large, max-video-preview:-1\" \/>\n<link rel=\"canonical\" href=\"https:\/\/portagepower.com\/fr\/a-propos-de-nous-old\/\" \/>\n<meta property=\"og:locale\" content=\"fr_FR\" \/>\n<meta property=\"og:type\" content=\"article\" \/>\n<meta property=\"og:title\" content=\"\u00c0 propos de nous | Portage \u00c9nergie\" \/>\n<meta property=\"og:description\" content=\"Nous consacrons notre \u00e9nergie \u00e0 b\u00e2tir un avenir meilleur.\" \/>\n<meta property=\"og:url\" content=\"https:\/\/portagepower.com\/fr\/a-propos-de-nous-old\/\" \/>\n<meta property=\"og:site_name\" content=\"Portage Power\" \/>\n<meta property=\"article:modified_time\" content=\"2025-10-07T18:30:05+00:00\" \/>\n<meta property=\"og:image\" content=\"https:\/\/portagepower.com\/wp-content\/uploads\/2019\/03\/About-Us.jpg\" \/>\n\t<meta property=\"og:image:width\" content=\"1100\" \/>\n\t<meta property=\"og:image:height\" content=\"734\" \/>\n\t<meta property=\"og:image:type\" content=\"image\/jpeg\" \/>\n<meta name=\"twitter:card\" content=\"summary_large_image\" \/>\n<meta name=\"twitter:label1\" content=\"Dur\u00e9e de lecture estim\u00e9e\" \/>\n\t<meta name=\"twitter:data1\" content=\"3 minutes\" \/>\n<script type=\"application\/ld+json\" class=\"yoast-schema-graph\">{\"@context\":\"https:\\\/\\\/schema.org\",\"@graph\":[{\"@type\":\"WebPage\",\"@id\":\"https:\\\/\\\/portagepower.com\\\/fr\\\/a-propos-de-nous-old\\\/\",\"url\":\"https:\\\/\\\/portagepower.com\\\/fr\\\/a-propos-de-nous-old\\\/\",\"name\":\"\u00c0 propos de nous | Portage \u00c9nergie\",\"isPartOf\":{\"@id\":\"https:\\\/\\\/portagepower.com\\\/#website\"},\"primaryImageOfPage\":{\"@id\":\"https:\\\/\\\/portagepower.com\\\/fr\\\/a-propos-de-nous-old\\\/#primaryimage\"},\"image\":{\"@id\":\"https:\\\/\\\/portagepower.com\\\/fr\\\/a-propos-de-nous-old\\\/#primaryimage\"},\"thumbnailUrl\":\"https:\\\/\\\/portagepower.com\\\/wp-content\\\/uploads\\\/2019\\\/03\\\/About-Us.jpg\",\"datePublished\":\"2019-03-06T16:11:24+00:00\",\"dateModified\":\"2025-10-07T18:30:05+00:00\",\"description\":\"Nous consacrons notre \u00e9nergie \u00e0 b\u00e2tir un avenir meilleur.\",\"breadcrumb\":{\"@id\":\"https:\\\/\\\/portagepower.com\\\/fr\\\/a-propos-de-nous-old\\\/#breadcrumb\"},\"inLanguage\":\"fr-FR\",\"potentialAction\":[{\"@type\":\"ReadAction\",\"target\":[\"https:\\\/\\\/portagepower.com\\\/fr\\\/a-propos-de-nous-old\\\/\"]}]},{\"@type\":\"ImageObject\",\"inLanguage\":\"fr-FR\",\"@id\":\"https:\\\/\\\/portagepower.com\\\/fr\\\/a-propos-de-nous-old\\\/#primaryimage\",\"url\":\"https:\\\/\\\/portagepower.com\\\/wp-content\\\/uploads\\\/2019\\\/03\\\/About-Us.jpg\",\"contentUrl\":\"https:\\\/\\\/portagepower.com\\\/wp-content\\\/uploads\\\/2019\\\/03\\\/About-Us.jpg\",\"width\":1100,\"height\":734},{\"@type\":\"BreadcrumbList\",\"@id\":\"https:\\\/\\\/portagepower.com\\\/fr\\\/a-propos-de-nous-old\\\/#breadcrumb\",\"itemListElement\":[{\"@type\":\"ListItem\",\"position\":1,\"name\":\"Home\",\"item\":\"https:\\\/\\\/portagepower.com\\\/fr\\\/\"},{\"@type\":\"ListItem\",\"position\":2,\"name\":\"\u00c0 propos de nous (old)\"}]},{\"@type\":\"WebSite\",\"@id\":\"https:\\\/\\\/portagepower.com\\\/#website\",\"url\":\"https:\\\/\\\/portagepower.com\\\/\",\"name\":\"Portage Power\",\"description\":\"Generating Renewable Power\",\"potentialAction\":[{\"@type\":\"SearchAction\",\"target\":{\"@type\":\"EntryPoint\",\"urlTemplate\":\"https:\\\/\\\/portagepower.com\\\/?s={search_term_string}\"},\"query-input\":{\"@type\":\"PropertyValueSpecification\",\"valueRequired\":true,\"valueName\":\"search_term_string\"}}],\"inLanguage\":\"fr-FR\"}]}<\/script>\n<!-- \/ Yoast SEO plugin. -->","yoast_head_json":{"title":"\u00c0 propos de nous | Portage \u00c9nergie","description":"Nous consacrons notre \u00e9nergie \u00e0 b\u00e2tir un avenir meilleur.","robots":{"index":"index","follow":"follow","max-snippet":"max-snippet:-1","max-image-preview":"max-image-preview:large","max-video-preview":"max-video-preview:-1"},"canonical":"https:\/\/portagepower.com\/fr\/a-propos-de-nous-old\/","og_locale":"fr_FR","og_type":"article","og_title":"\u00c0 propos de nous | Portage \u00c9nergie","og_description":"Nous consacrons notre \u00e9nergie \u00e0 b\u00e2tir un avenir meilleur.","og_url":"https:\/\/portagepower.com\/fr\/a-propos-de-nous-old\/","og_site_name":"Portage Power","article_modified_time":"2025-10-07T18:30:05+00:00","og_image":[{"width":1100,"height":734,"url":"https:\/\/portagepower.com\/wp-content\/uploads\/2019\/03\/About-Us.jpg","type":"image\/jpeg"}],"twitter_card":"summary_large_image","twitter_misc":{"Dur\u00e9e de lecture estim\u00e9e":"3 minutes"},"schema":{"@context":"https:\/\/schema.org","@graph":[{"@type":"WebPage","@id":"https:\/\/portagepower.com\/fr\/a-propos-de-nous-old\/","url":"https:\/\/portagepower.com\/fr\/a-propos-de-nous-old\/","name":"\u00c0 propos de nous | Portage \u00c9nergie","isPartOf":{"@id":"https:\/\/portagepower.com\/#website"},"primaryImageOfPage":{"@id":"https:\/\/portagepower.com\/fr\/a-propos-de-nous-old\/#primaryimage"},"image":{"@id":"https:\/\/portagepower.com\/fr\/a-propos-de-nous-old\/#primaryimage"},"thumbnailUrl":"https:\/\/portagepower.com\/wp-content\/uploads\/2019\/03\/About-Us.jpg","datePublished":"2019-03-06T16:11:24+00:00","dateModified":"2025-10-07T18:30:05+00:00","description":"Nous consacrons notre \u00e9nergie \u00e0 b\u00e2tir un avenir meilleur.","breadcrumb":{"@id":"https:\/\/portagepower.com\/fr\/a-propos-de-nous-old\/#breadcrumb"},"inLanguage":"fr-FR","potentialAction":[{"@type":"ReadAction","target":["https:\/\/portagepower.com\/fr\/a-propos-de-nous-old\/"]}]},{"@type":"ImageObject","inLanguage":"fr-FR","@id":"https:\/\/portagepower.com\/fr\/a-propos-de-nous-old\/#primaryimage","url":"https:\/\/portagepower.com\/wp-content\/uploads\/2019\/03\/About-Us.jpg","contentUrl":"https:\/\/portagepower.com\/wp-content\/uploads\/2019\/03\/About-Us.jpg","width":1100,"height":734},{"@type":"BreadcrumbList","@id":"https:\/\/portagepower.com\/fr\/a-propos-de-nous-old\/#breadcrumb","itemListElement":[{"@type":"ListItem","position":1,"name":"Home","item":"https:\/\/portagepower.com\/fr\/"},{"@type":"ListItem","position":2,"name":"\u00c0 propos de nous (old)"}]},{"@type":"WebSite","@id":"https:\/\/portagepower.com\/#website","url":"https:\/\/portagepower.com\/","name":"Portage Power","description":"Generating Renewable Power","potentialAction":[{"@type":"SearchAction","target":{"@type":"EntryPoint","urlTemplate":"https:\/\/portagepower.com\/?s={search_term_string}"},"query-input":{"@type":"PropertyValueSpecification","valueRequired":true,"valueName":"search_term_string"}}],"inLanguage":"fr-FR"}]}},"_links":{"self":[{"href":"https:\/\/portagepower.com\/fr\/wp-json\/wp\/v2\/pages\/8776","targetHints":{"allow":["GET"]}}],"collection":[{"href":"https:\/\/portagepower.com\/fr\/wp-json\/wp\/v2\/pages"}],"about":[{"href":"https:\/\/portagepower.com\/fr\/wp-json\/wp\/v2\/types\/page"}],"author":[{"embeddable":true,"href":"https:\/\/portagepower.com\/fr\/wp-json\/wp\/v2\/users\/3"}],"replies":[{"embeddable":true,"href":"https:\/\/portagepower.com\/fr\/wp-json\/wp\/v2\/comments?post=8776"}],"version-history":[{"count":25,"href":"https:\/\/portagepower.com\/fr\/wp-json\/wp\/v2\/pages\/8776\/revisions"}],"predecessor-version":[{"id":10357,"href":"https:\/\/portagepower.com\/fr\/wp-json\/wp\/v2\/pages\/8776\/revisions\/10357"}],"wp:featuredmedia":[{"embeddable":true,"href":"https:\/\/portagepower.com\/fr\/wp-json\/wp\/v2\/media\/8646"}],"wp:attachment":[{"href":"https:\/\/portagepower.com\/fr\/wp-json\/wp\/v2\/media?parent=8776"}],"curies":[{"name":"wp","href":"https:\/\/api.w.org\/{rel}","templated":true}]}}