{"id":10745,"date":"2025-12-11T10:28:41","date_gmt":"2025-12-11T15:28:41","guid":{"rendered":"https:\/\/portagepower.com\/projects-2\/"},"modified":"2026-01-06T10:32:29","modified_gmt":"2026-01-06T15:32:29","slug":"projets","status":"publish","type":"page","link":"https:\/\/portagepower.com\/fr\/projets\/","title":{"rendered":"Projets majeurs"},"content":{"rendered":"<div class=\"wpb-content-wrapper\"><p>[vc_row row_type=\u00a0\u00bbparallax\u00a0\u00bb content_width=\u00a0\u00bbgrid\u00a0\u00bb full_screen_section_height=\u00a0\u00bbno\u00a0\u00bb parallax_background_image=\u00a0\u00bb10390&Prime; el_id=\u00a0\u00bbpage-hero\u00a0\u00bb css=\u00a0\u00bb.vc_custom_1759866072435{padding-top: 300px !important;padding-bottom: 100px !important;background-color: #2D6FA2 !important;}\u00a0\u00bb][vc_column][vc_column_text css=\u00a0\u00bb\u00a0\u00bb]<\/p>\n<h1>PROJETS MAJEURS<\/h1>\n<p>[\/vc_column_text][\/vc_column][\/vc_row][vc_row content_width=\u00a0\u00bbgrid\u00a0\u00bb el_class=\u00a0\u00bbgrey-canoe-bg\u00a0\u00bb css=\u00a0\u00bb.vc_custom_1763399573470{margin-bottom: 0px !important;padding-top: 60px !important;padding-bottom: 0px !important;}\u00a0\u00bb][vc_column width=\u00a0\u00bb1\/2&Prime; css=\u00a0\u00bb.vc_custom_1763404707147{padding-top: 20px !important;padding-right: 40px !important;padding-bottom: 10px !important;padding-left: 40px !important;}\u00a0\u00bb][vc_single_image image=\u00a0\u00bb10231&Prime; img_size=\u00a0\u00bbfull\u00a0\u00bb css=\u00a0\u00bb.vc_custom_1759437030223{margin-bottom: 30px !important;}\u00a0\u00bb el_class=\u00a0\u00bbrounded-left\u00a0\u00bb][\/vc_column][vc_column width=\u00a0\u00bb1\/2&Prime; css=\u00a0\u00bb.vc_custom_1763404715076{padding-top: 20px !important;padding-right: 40px !important;padding-bottom: 10px !important;padding-left: 40px !important;}\u00a0\u00bb][vc_column_text css=\u00a0\u00bb\u00a0\u00bb]<\/p>\n<h3>\u00c9NERGIE LOCALE, IMPACT PROVINCIAL :<\/h3>\n<h4>Les initiatives d\u2019\u00e9nergie renouvelable propos\u00e9es par Portage \u00c9nergie<\/h4>\n<p>Portage \u00c9nergie, une filiale du Groupe Hydro Ottawa, pr\u00e9pare une r\u00e9ponse \u00e0 la demande de propositions \u00e0 long terme 2 (LT2) de la Soci\u00e9t\u00e9 ind\u00e9pendante d\u2019exploitation du r\u00e9seau d\u2019\u00e9lectricit\u00e9 (SIERE).[\/vc_column_text][\/vc_column][\/vc_row][vc_row content_width=\u00a0\u00bbgrid\u00a0\u00bb css=\u00a0\u00bb.vc_custom_1763399557604{margin-top: 0px !important;padding-top: 0px !important;padding-bottom: 20px !important;}\u00a0\u00bb][vc_column width=\u00a0\u00bb1\/2&Prime; css=\u00a0\u00bb.vc_custom_1763404643264{margin-top: 0px !important;padding-top: 0px !important;padding-right: 40px !important;padding-bottom: 20px !important;padding-left: 40px !important;}\u00a0\u00bb][\/vc_column][vc_column width=\u00a0\u00bb1\/2&Prime;][\/vc_column][\/vc_row][vc_row content_width=\u00a0\u00bbgrid\u00a0\u00bb css=\u00a0\u00bb.vc_custom_1765466896997{padding-top: 80px !important;padding-bottom: 80px !important;background: #155589 url(https:\/\/portagepower.com\/wp-content\/uploads\/2025\/09\/about-collaborate.jpg?id=10080) !important;background-position: center !important;background-repeat: no-repeat !important;background-size: cover !important;}\u00a0\u00bb el_id=\u00a0\u00bbabout-collaborate\u00a0\u00bb el_class=\u00a0\u00bbwhite-text\u00a0\u00bb][vc_column width=\u00a0\u00bb1\/2&Prime;][vc_column_text css=\u00a0\u00bb\u00a0\u00bb]Cette initiative vise \u00e0 r\u00e9pondre \u00e0 la croissance pr\u00e9vue de la demande provinciale en \u00e9lectricit\u00e9 et \u00e0 renforcer la fiabilit\u00e9 du r\u00e9seau \u00e9lectrique en Ontario.<\/p>\n<p>Pour appuyer ces objectifs, Portage \u00c9nergie propose de nouveaux projets de production solaire qui contribueraient \u00e0 ajouter une \u00e9nergie propre et fiable au r\u00e9seau.<\/p>\n<p><strong><a href=\"#Kanata\">Kanata I et II,<\/a> et <a href=\"#Richmond\">Richmond Solaire I, II et III<\/a><\/strong>.[\/vc_column_text][\/vc_column][vc_column width=\u00a0\u00bb1\/2&Prime;][vc_column_text css=\u00a0\u00bb\u00a0\u00bb]Cela aidera \u00e0 diversifier l\u2019approvisionnement \u00e9nerg\u00e9tique de l\u2019Ontario tout en cr\u00e9ant des avantages sociaux et environnementaux directs pour la communaut\u00e9 d\u2019Ottawa.<\/p>\n<p>L\u2019initiative de SIERE, fond\u00e9e sur des march\u00e9s concurrentiels, est con\u00e7ue pour obtenir de nouvelles ressources de production et de stockage d\u2019\u00e9lectricit\u00e9 afin de r\u00e9pondre aux futurs besoins du syst\u00e8me \u00e9lectrique de l\u2019Ontario, les projets devant devenir op\u00e9rationnels entre 2029 et 2034.[\/vc_column_text][\/vc_column][\/vc_row][vc_row content_width=\u00a0\u00bbgrid\u00a0\u00bb css=\u00a0\u00bb.vc_custom_1763480547314{padding-top: 40px !important;padding-bottom: 40px !important;}\u00a0\u00bb el_class=\u00a0\u00bbgrey-canoe-bg\u00a0\u00bb][vc_column width=\u00a0\u00bb1\/2&Prime; css=\u00a0\u00bb.vc_custom_1763404312646{padding-top: 20px !important;padding-right: 40px !important;padding-bottom: 0px !important;padding-left: 40px !important;}\u00a0\u00bb][vc_column_text css=\u00a0\u00bb\u00a0\u00bb]<\/p>\n<h3>POURQUOI CES PROJETS SONT IMPORTANTS<\/h3>\n<p>Ces projets font partie des efforts de Portage \u00c9nergie pour rendre le syst\u00e8me \u00e9lectrique de l\u2019Ontario aussi r\u00e9silient et durable que possible. En tant que plus grand producteur d\u2019\u00e9nergie verte appartenant \u00e0 une municipalit\u00e9 en Ontario, Portage \u00c9nergie s\u2019engage \u00e0 tirer parti des technologies renouvelables pour produire de l\u2019\u00e9lectricit\u00e9 de mani\u00e8re responsable, avec un impact environnemental minimal, tout en favorisant des relations solides avec la communaut\u00e9.[\/vc_column_text][\/vc_column][vc_column width=\u00a0\u00bb1\/2&Prime; css=\u00a0\u00bb.vc_custom_1757966868417{padding-top: 20px !important;padding-right: 40px !important;padding-bottom: 20px !important;padding-left: 40px !important;}\u00a0\u00bb][vc_single_image image=\u00a0\u00bb10233&Prime; img_size=\u00a0\u00bbfull\u00a0\u00bb css=\u00a0\u00bb.vc_custom_1759437043537{margin-bottom: 30px !important;}\u00a0\u00bb el_class=\u00a0\u00bbrounded-right\u00a0\u00bb][\/vc_column][\/vc_row][vc_row content_width=\u00a0\u00bbgrid\u00a0\u00bb css=\u00a0\u00bb.vc_custom_1765466879423{padding-top: 80px !important;padding-bottom: 80px !important;background-color: #155589 !important;background-position: center !important;background-repeat: no-repeat !important;background-size: cover !important;}\u00a0\u00bb el_id=\u00a0\u00bbabout-collaborate\u00a0\u00bb el_class=\u00a0\u00bbwhite-text\u00a0\u00bb][vc_column][vc_column_text css=\u00a0\u00bb.vc_custom_1765467553991{margin-bottom: 30px !important;}\u00a0\u00bb]<\/p>\n<h4 style=\"text-align: center;\"><strong>Plus pr\u00e9cis\u00e9ment, ces projets permettront de :<\/strong><\/h4>\n<p>[\/vc_column_text][vc_row_inner][vc_column_inner width=\u00a0\u00bb1\/2&Prime;][vc_column_text css=\u00a0\u00bb\u00a0\u00bb]<\/p>\n<ul>\n<li>Soutenir la croissance pr\u00e9vue de la demande d\u2019\u00e9lectricit\u00e9 partout en Ontario et am\u00e9liorer la r\u00e9silience communautaire gr\u00e2ce \u00e0 un r\u00e9seau \u00e9lectrique plus fiable.<\/li>\n<li>Fournir de l\u2019\u00e9nergie propre et renouvelable, assurant la fiabilit\u00e9 \u00e0 long terme de l\u2019approvisionnement en \u00e9lectricit\u00e9 tout en r\u00e9duisant l\u2019empreinte carbone de l\u2019Ontario.<\/li>\n<\/ul>\n<p>[\/vc_column_text][\/vc_column_inner][vc_column_inner width=\u00a0\u00bb1\/2&Prime;][vc_column_text css=\u00a0\u00bb\u00a0\u00bb]<\/p>\n<ul>\n<li>Pour la r\u00e9gion d\u2019Ottawa, ces projets offrent une occasion pr\u00e9cieuse de tirer une valeur \u00e0 long terme de la production durable, soutenant les am\u00e9liorations des infrastructures communautaires et d\u2019autres priorit\u00e9s locales.<\/li>\n<\/ul>\n<p>[\/vc_column_text][\/vc_column_inner][\/vc_row_inner][\/vc_column][\/vc_row][vc_row content_width=\u00a0\u00bbgrid\u00a0\u00bb css=\u00a0\u00bb.vc_custom_1763404826450{padding-top: 60px !important;padding-bottom: 60px !important;background: #383D43 url(https:\/\/portagepower.com\/wp-content\/uploads\/2025\/10\/mp-kanata-solar-1-2.jpg?id=10094) !important;background-position: center !important;background-repeat: no-repeat !important;background-size: cover !important;}\u00a0\u00bb el_class=\u00a0\u00bbwhite-text major-project\u00a0\u00bb][vc_column][vc_row_inner content_aligment=\u00a0\u00bbcenter\u00a0\u00bb css=\u00a0\u00bb.vc_custom_1759330754479{margin-bottom: 30px !important;}\u00a0\u00bb][vc_column_inner width=\u00a0\u00bb1\/4&Prime;][\/vc_column_inner][vc_column_inner width=\u00a0\u00bb1\/2&Prime;][vc_column_text css=\u00a0\u00bb\u00a0\u00bb]<\/p>\n<h2 id=\"Kanata\">Kanata<br \/>\nSolaire I et II<\/h2>\n<p>[\/vc_column_text][\/vc_column_inner][vc_column_inner width=\u00a0\u00bb1\/4&Prime;][\/vc_column_inner][\/vc_row_inner][vc_row_inner][vc_column_inner width=\u00a0\u00bb7\/12&Prime; css=\u00a0\u00bb.vc_custom_1759334135385{padding-right: 20px !important;padding-left: 20px !important;}\u00a0\u00bb]<div class=\"qodef-image-gallery \">\n\t<div class=\"qodef-image-gallery-slider\" data-autoplay=\"5\" data-animation=\"slide\" data-navigation=\"yes\" data-pagination=\"yes\">\n\t\t\t\t\t\t<a href=\"https:\/\/portagepower.com\/wp-content\/uploads\/2025\/08\/375-March-Valley-Road.png\" data-rel=\"prettyPhoto[single_pretty_photo]\" title=\"375 March Valley Road\">\n\t\t\t\t\t\t\t<img loading=\"lazy\" decoding=\"async\" src=\"https:\/\/portagepower.com\/wp-content\/uploads\/2025\/08\/375-March-Valley-Road.png\" alt=\"375 March Valley Road\" width=\"852\" height=\"652\">\n\t\t\t\t\t\t\t<\/a>\n\t\t\t\t\t\t\t<a href=\"https:\/\/portagepower.com\/wp-content\/uploads\/2025\/08\/940-Klondike-Road.png\" data-rel=\"prettyPhoto[single_pretty_photo]\" title=\"940 Klondike Road\">\n\t\t\t\t\t\t\t<img loading=\"lazy\" decoding=\"async\" src=\"https:\/\/portagepower.com\/wp-content\/uploads\/2025\/08\/940-Klondike-Road.png\" alt=\"940 Klondike Road\" width=\"846\" height=\"662\">\n\t\t\t\t\t\t\t<\/a>\n\t\t\t\t\t\t\t<a href=\"https:\/\/portagepower.com\/wp-content\/uploads\/2025\/08\/915-Klondike-Road.png\" data-rel=\"prettyPhoto[single_pretty_photo]\" title=\"915 Klondike Road\">\n\t\t\t\t\t\t\t<img loading=\"lazy\" decoding=\"async\" src=\"https:\/\/portagepower.com\/wp-content\/uploads\/2025\/08\/915-Klondike-Road.png\" alt=\"915 Klondike Road\" width=\"849\" height=\"657\">\n\t\t\t\t\t\t\t<\/a>\n\t\t\t\t<\/div>\n    <\/div>[\/vc_column_inner][vc_column_inner width=\u00a0\u00bb5\/12&Prime; css=\u00a0\u00bb.vc_custom_1759334141563{padding-right: 20px !important;padding-left: 20px !important;}\u00a0\u00bb][vc_column_text css=\u00a0\u00bb\u00a0\u00bb el_class=\u00a0\u00bbwhite\u00a0\u00bb]Les projets <em>Kanata Solaire I et II <\/em> propose la construction d\u2019une centrale solaire pouvant atteindre 13 MW r\u00e9partis sur quatre parcelles de terrain dans la r\u00e9gion de Kanata :<\/p>\n<ul>\n<li>940, chemin Klondike (Kanata Solaire I)<\/li>\n<li>375, chemin March Valley (Kanata Solaire I)<\/li>\n<li>915, chemin Klondike (Kanata Solaire II)<\/li>\n<\/ul>\n<h4>POUR PLUS D\u2019INFORMATIONS<\/h4>\n<p>Si vous avez des questions, n\u2019h\u00e9sitez pas \u00e0 contacter notre \u00e9quipe \u00e0 <a href=\"mailto:development@portagepower.com\">development@portagepower.com<\/a><\/p>\n<h4>RESSOURCES:<\/h4>\n<p>[\/vc_column_text][vc_column_text css=\u00a0\u00bb\u00a0\u00bb]<\/p>\n<div class=\"btn-portage btn-green btn-majorprojects\"><a class=\"\" href=\"\/wp-content\/uploads\/2025\/10\/Kanata-LT2-information-session-EN.pdf\" target=\"_blank\" rel=\"noopener\">KANATA SOLAR I &amp; II virtual community information session<\/a><\/div>\n<p>[\/vc_column_text][\/vc_column_inner][\/vc_row_inner][\/vc_column][\/vc_row][vc_row content_width=\u00a0\u00bbgrid\u00a0\u00bb css=\u00a0\u00bb.vc_custom_1759337600018{padding-top: 60px !important;padding-bottom: 60px !important;background-position: center !important;background-repeat: no-repeat !important;background-size: cover !important;}\u00a0\u00bb el_class=\u00a0\u00bbmajor-project\u00a0\u00bb][vc_column][vc_row_inner content_aligment=\u00a0\u00bbcenter\u00a0\u00bb css=\u00a0\u00bb.vc_custom_1759330754479{margin-bottom: 30px !important;}\u00a0\u00bb][vc_column_inner width=\u00a0\u00bb1\/4&Prime;][\/vc_column_inner][vc_column_inner width=\u00a0\u00bb1\/2&Prime;][vc_column_text css=\u00a0\u00bb\u00a0\u00bb]<\/p>\n<h2 id=\"Richmond\">RICHMOND<br \/>\nSOLAIRE I,<br \/>\nII et III<\/h2>\n<p>[\/vc_column_text][\/vc_column_inner][vc_column_inner width=\u00a0\u00bb1\/4&Prime;][\/vc_column_inner][\/vc_row_inner][vc_row_inner][vc_column_inner width=\u00a0\u00bb7\/12&Prime; css=\u00a0\u00bb.vc_custom_1759334135385{padding-right: 20px !important;padding-left: 20px !important;}\u00a0\u00bb]<div class=\"qodef-image-gallery \">\n\t<div class=\"qodef-image-gallery-slider\" data-autoplay=\"5\" data-animation=\"slide\" data-navigation=\"yes\" data-pagination=\"yes\">\n\t\t\t\t\t\t<a href=\"https:\/\/portagepower.com\/wp-content\/uploads\/2025\/07\/8500-chemin-Purdy-FR-NEW.png\" data-rel=\"prettyPhoto[single_pretty_photo]\" title=\"8500, chemin Purdy (FR)-NEW\">\n\t\t\t\t\t\t\t<img loading=\"lazy\" decoding=\"async\" src=\"https:\/\/portagepower.com\/wp-content\/uploads\/2025\/07\/8500-chemin-Purdy-FR-NEW.png\" alt=\"8500, chemin Purdy (FR)-NEW\" width=\"976\" height=\"750\">\n\t\t\t\t\t\t\t<\/a>\n\t\t\t\t\t\t\t<a href=\"https:\/\/portagepower.com\/wp-content\/uploads\/2025\/07\/7615-chemin-Franktown-FR.png\" data-rel=\"prettyPhoto[single_pretty_photo]\" title=\"7615, chemin Franktown (FR)\">\n\t\t\t\t\t\t\t<img loading=\"lazy\" decoding=\"async\" src=\"https:\/\/portagepower.com\/wp-content\/uploads\/2025\/07\/7615-chemin-Franktown-FR.png\" alt=\"7615, chemin Franktown (FR)\" width=\"976\" height=\"750\">\n\t\t\t\t\t\t\t<\/a>\n\t\t\t\t\t\t\t<a href=\"https:\/\/portagepower.com\/wp-content\/uploads\/2025\/07\/8290-chemin-Copeland-FR.png\" data-rel=\"prettyPhoto[single_pretty_photo]\" title=\"8290, chemin Copeland (FR)\">\n\t\t\t\t\t\t\t<img loading=\"lazy\" decoding=\"async\" src=\"https:\/\/portagepower.com\/wp-content\/uploads\/2025\/07\/8290-chemin-Copeland-FR.png\" alt=\"8290, chemin Copeland (FR)\" width=\"976\" height=\"750\">\n\t\t\t\t\t\t\t<\/a>\n\t\t\t\t\t\t\t<a href=\"https:\/\/portagepower.com\/wp-content\/uploads\/2025\/07\/8504-chemin-Purdy-FR.png\" data-rel=\"prettyPhoto[single_pretty_photo]\" title=\"8504, chemin Purdy (FR)\">\n\t\t\t\t\t\t\t<img loading=\"lazy\" decoding=\"async\" src=\"https:\/\/portagepower.com\/wp-content\/uploads\/2025\/07\/8504-chemin-Purdy-FR.png\" alt=\"8504, chemin Purdy (FR)\" width=\"976\" height=\"750\">\n\t\t\t\t\t\t\t<\/a>\n\t\t\t\t<\/div>\n    <\/div>[\/vc_column_inner][vc_column_inner width=\u00a0\u00bb5\/12&Prime; css=\u00a0\u00bb.vc_custom_1759334141563{padding-right: 20px !important;padding-left: 20px !important;}\u00a0\u00bb][vc_column_text css=\u00a0\u00bb\u00a0\u00bb]Le regroupement <em>Richmond Solaire I, II et III<\/em> propose la construction d\u2019une centrale solaire pouvant atteindre 80 MW r\u00e9partis sur quatre parcelles de terrain dans la r\u00e9gion de Richmond :<\/p>\n<ul>\n<li>8500, chemin Purdy (Richmond Solaire I)<\/li>\n<li>8504, chemin Purdy (Richmond Solaire I)<\/li>\n<li>8290, chemin Copeland (Richmond Solaire II)<\/li>\n<li>7615, chemin Franktown (Richmond Solaire III)<\/li>\n<\/ul>\n<h4>POUR PLUS D\u2019INFORMATIONS<\/h4>\n<p>Si vous avez des questions, n\u2019h\u00e9sitez pas \u00e0 contacter notre \u00e9quipe \u00e0 <a href=\"mailto:development@portagepower.com\">development@portagepower.com<\/a><\/p>\n<h4>RESSOURCES:<\/h4>\n<p>[\/vc_column_text][vc_column_text css=\u00a0\u00bb\u00a0\u00bb]<\/p>\n<div class=\"btn-portage btn-green btn-majorprojects\"><a class=\"\" href=\"https:\/\/portagepower.com\/wp-content\/uploads\/2025\/08\/richmond-LT2-information-session-en.pdf\" target=\"_blank\" rel=\"noopener\">RICHMOND SOLAR I, II &amp; III virtual community information session<\/a><\/div>\n<p>[\/vc_column_text][\/vc_column_inner][\/vc_row_inner][\/vc_column][\/vc_row]<\/p>\n<\/div>","protected":false},"excerpt":{"rendered":"<p>[vc_row row_type=\u00a0\u00bbparallax\u00a0\u00bb content_width=\u00a0\u00bbgrid\u00a0\u00bb full_screen_section_height=\u00a0\u00bbno\u00a0\u00bb parallax_background_image=\u00a0\u00bb10390&Prime; el_id=\u00a0\u00bbpage-hero\u00a0\u00bb css=\u00a0\u00bb.vc_custom_1759866072435{padding-top: 300px !important;padding-bottom: 100px !important;background-color: #2D6FA2 !important;}\u00a0\u00bb][vc_column][vc_column_text css=\u00a0\u00bb\u00a0\u00bb] PROJETS MAJEURS [\/vc_column_text][\/vc_column][\/vc_row][vc_row content_width=\u00a0\u00bbgrid\u00a0\u00bb el_class=\u00a0\u00bbgrey-canoe-bg\u00a0\u00bb css=\u00a0\u00bb.vc_custom_1763399573470{margin-bottom: 0px !important;padding-top: 60px !important;padding-bottom: 0px !important;}\u00a0\u00bb][vc_column width=\u00a0\u00bb1\/2&Prime; css=\u00a0\u00bb.vc_custom_1763404707147{padding-top:&#8230;<\/p>\n","protected":false},"author":3,"featured_media":8523,"parent":0,"menu_order":0,"comment_status":"closed","ping_status":"closed","template":"full-width.php","meta":{"footnotes":""},"class_list":["post-10745","page","type-page","status-publish","has-post-thumbnail","hentry"],"yoast_head":"<!-- This site is optimized with the Yoast SEO plugin v27.4 - https:\/\/yoast.com\/product\/yoast-seo-wordpress\/ -->\n<title>Projets majeurs - Portage Power<\/title>\n<meta name=\"robots\" content=\"index, follow, max-snippet:-1, max-image-preview:large, max-video-preview:-1\" \/>\n<link rel=\"canonical\" href=\"https:\/\/portagepower.com\/fr\/projets\/\" \/>\n<meta property=\"og:locale\" content=\"fr_FR\" \/>\n<meta property=\"og:type\" content=\"article\" \/>\n<meta property=\"og:title\" content=\"Projets majeurs - Portage Power\" \/>\n<meta property=\"og:description\" content=\"[vc_row row_type=\u00a0\u00bbparallax\u00a0\u00bb content_width=\u00a0\u00bbgrid\u00a0\u00bb full_screen_section_height=\u00a0\u00bbno\u00a0\u00bb parallax_background_image=\u00a0\u00bb10390&Prime; el_id=\u00a0\u00bbpage-hero\u00a0\u00bb css=\u00a0\u00bb.vc_custom_1759866072435{padding-top: 300px !important;padding-bottom: 100px !important;background-color: #2D6FA2 !important;}\u00a0\u00bb][vc_column][vc_column_text css=\u00a0\u00bb\u00a0\u00bb] PROJETS MAJEURS [\/vc_column_text][\/vc_column][\/vc_row][vc_row content_width=\u00a0\u00bbgrid\u00a0\u00bb el_class=\u00a0\u00bbgrey-canoe-bg\u00a0\u00bb css=\u00a0\u00bb.vc_custom_1763399573470{margin-bottom: 0px !important;padding-top: 60px !important;padding-bottom: 0px !important;}\u00a0\u00bb][vc_column width=\u00a0\u00bb1\/2&Prime; css=\u00a0\u00bb.vc_custom_1763404707147{padding-top:...\" \/>\n<meta property=\"og:url\" content=\"https:\/\/portagepower.com\/fr\/projets\/\" \/>\n<meta property=\"og:site_name\" content=\"Portage Power\" \/>\n<meta property=\"article:modified_time\" content=\"2026-01-06T15:32:29+00:00\" \/>\n<meta property=\"og:image\" content=\"https:\/\/portagepower.com\/wp-content\/uploads\/2019\/02\/LUT7013.jpg\" \/>\n\t<meta property=\"og:image:width\" content=\"2048\" \/>\n\t<meta property=\"og:image:height\" content=\"1363\" \/>\n\t<meta property=\"og:image:type\" content=\"image\/jpeg\" \/>\n<meta name=\"twitter:card\" content=\"summary_large_image\" \/>\n<meta name=\"twitter:label1\" content=\"Dur\u00e9e de lecture estim\u00e9e\" \/>\n\t<meta name=\"twitter:data1\" content=\"4 minutes\" \/>\n<script type=\"application\/ld+json\" class=\"yoast-schema-graph\">{\"@context\":\"https:\\\/\\\/schema.org\",\"@graph\":[{\"@type\":\"WebPage\",\"@id\":\"https:\\\/\\\/portagepower.com\\\/fr\\\/projets\\\/\",\"url\":\"https:\\\/\\\/portagepower.com\\\/fr\\\/projets\\\/\",\"name\":\"Projets majeurs - Portage Power\",\"isPartOf\":{\"@id\":\"https:\\\/\\\/portagepower.com\\\/#website\"},\"primaryImageOfPage\":{\"@id\":\"https:\\\/\\\/portagepower.com\\\/fr\\\/projets\\\/#primaryimage\"},\"image\":{\"@id\":\"https:\\\/\\\/portagepower.com\\\/fr\\\/projets\\\/#primaryimage\"},\"thumbnailUrl\":\"https:\\\/\\\/portagepower.com\\\/wp-content\\\/uploads\\\/2019\\\/02\\\/LUT7013.jpg\",\"datePublished\":\"2025-12-11T15:28:41+00:00\",\"dateModified\":\"2026-01-06T15:32:29+00:00\",\"breadcrumb\":{\"@id\":\"https:\\\/\\\/portagepower.com\\\/fr\\\/projets\\\/#breadcrumb\"},\"inLanguage\":\"fr-FR\",\"potentialAction\":[{\"@type\":\"ReadAction\",\"target\":[\"https:\\\/\\\/portagepower.com\\\/fr\\\/projets\\\/\"]}]},{\"@type\":\"ImageObject\",\"inLanguage\":\"fr-FR\",\"@id\":\"https:\\\/\\\/portagepower.com\\\/fr\\\/projets\\\/#primaryimage\",\"url\":\"https:\\\/\\\/portagepower.com\\\/wp-content\\\/uploads\\\/2019\\\/02\\\/LUT7013.jpg\",\"contentUrl\":\"https:\\\/\\\/portagepower.com\\\/wp-content\\\/uploads\\\/2019\\\/02\\\/LUT7013.jpg\",\"width\":2048,\"height\":1363},{\"@type\":\"BreadcrumbList\",\"@id\":\"https:\\\/\\\/portagepower.com\\\/fr\\\/projets\\\/#breadcrumb\",\"itemListElement\":[{\"@type\":\"ListItem\",\"position\":1,\"name\":\"Home\",\"item\":\"https:\\\/\\\/portagepower.com\\\/fr\\\/\"},{\"@type\":\"ListItem\",\"position\":2,\"name\":\"Projets majeurs\"}]},{\"@type\":\"WebSite\",\"@id\":\"https:\\\/\\\/portagepower.com\\\/#website\",\"url\":\"https:\\\/\\\/portagepower.com\\\/\",\"name\":\"Portage Power\",\"description\":\"Generating Renewable Power\",\"potentialAction\":[{\"@type\":\"SearchAction\",\"target\":{\"@type\":\"EntryPoint\",\"urlTemplate\":\"https:\\\/\\\/portagepower.com\\\/?s={search_term_string}\"},\"query-input\":{\"@type\":\"PropertyValueSpecification\",\"valueRequired\":true,\"valueName\":\"search_term_string\"}}],\"inLanguage\":\"fr-FR\"}]}<\/script>\n<!-- \/ Yoast SEO plugin. -->","yoast_head_json":{"title":"Projets majeurs - Portage Power","robots":{"index":"index","follow":"follow","max-snippet":"max-snippet:-1","max-image-preview":"max-image-preview:large","max-video-preview":"max-video-preview:-1"},"canonical":"https:\/\/portagepower.com\/fr\/projets\/","og_locale":"fr_FR","og_type":"article","og_title":"Projets majeurs - Portage Power","og_description":"[vc_row row_type=\u00a0\u00bbparallax\u00a0\u00bb content_width=\u00a0\u00bbgrid\u00a0\u00bb full_screen_section_height=\u00a0\u00bbno\u00a0\u00bb parallax_background_image=\u00a0\u00bb10390&Prime; el_id=\u00a0\u00bbpage-hero\u00a0\u00bb css=\u00a0\u00bb.vc_custom_1759866072435{padding-top: 300px !important;padding-bottom: 100px !important;background-color: #2D6FA2 !important;}\u00a0\u00bb][vc_column][vc_column_text css=\u00a0\u00bb\u00a0\u00bb] PROJETS MAJEURS [\/vc_column_text][\/vc_column][\/vc_row][vc_row content_width=\u00a0\u00bbgrid\u00a0\u00bb el_class=\u00a0\u00bbgrey-canoe-bg\u00a0\u00bb css=\u00a0\u00bb.vc_custom_1763399573470{margin-bottom: 0px !important;padding-top: 60px !important;padding-bottom: 0px !important;}\u00a0\u00bb][vc_column width=\u00a0\u00bb1\/2&Prime; css=\u00a0\u00bb.vc_custom_1763404707147{padding-top:...","og_url":"https:\/\/portagepower.com\/fr\/projets\/","og_site_name":"Portage Power","article_modified_time":"2026-01-06T15:32:29+00:00","og_image":[{"width":2048,"height":1363,"url":"https:\/\/portagepower.com\/wp-content\/uploads\/2019\/02\/LUT7013.jpg","type":"image\/jpeg"}],"twitter_card":"summary_large_image","twitter_misc":{"Dur\u00e9e de lecture estim\u00e9e":"4 minutes"},"schema":{"@context":"https:\/\/schema.org","@graph":[{"@type":"WebPage","@id":"https:\/\/portagepower.com\/fr\/projets\/","url":"https:\/\/portagepower.com\/fr\/projets\/","name":"Projets majeurs - Portage Power","isPartOf":{"@id":"https:\/\/portagepower.com\/#website"},"primaryImageOfPage":{"@id":"https:\/\/portagepower.com\/fr\/projets\/#primaryimage"},"image":{"@id":"https:\/\/portagepower.com\/fr\/projets\/#primaryimage"},"thumbnailUrl":"https:\/\/portagepower.com\/wp-content\/uploads\/2019\/02\/LUT7013.jpg","datePublished":"2025-12-11T15:28:41+00:00","dateModified":"2026-01-06T15:32:29+00:00","breadcrumb":{"@id":"https:\/\/portagepower.com\/fr\/projets\/#breadcrumb"},"inLanguage":"fr-FR","potentialAction":[{"@type":"ReadAction","target":["https:\/\/portagepower.com\/fr\/projets\/"]}]},{"@type":"ImageObject","inLanguage":"fr-FR","@id":"https:\/\/portagepower.com\/fr\/projets\/#primaryimage","url":"https:\/\/portagepower.com\/wp-content\/uploads\/2019\/02\/LUT7013.jpg","contentUrl":"https:\/\/portagepower.com\/wp-content\/uploads\/2019\/02\/LUT7013.jpg","width":2048,"height":1363},{"@type":"BreadcrumbList","@id":"https:\/\/portagepower.com\/fr\/projets\/#breadcrumb","itemListElement":[{"@type":"ListItem","position":1,"name":"Home","item":"https:\/\/portagepower.com\/fr\/"},{"@type":"ListItem","position":2,"name":"Projets majeurs"}]},{"@type":"WebSite","@id":"https:\/\/portagepower.com\/#website","url":"https:\/\/portagepower.com\/","name":"Portage Power","description":"Generating Renewable Power","potentialAction":[{"@type":"SearchAction","target":{"@type":"EntryPoint","urlTemplate":"https:\/\/portagepower.com\/?s={search_term_string}"},"query-input":{"@type":"PropertyValueSpecification","valueRequired":true,"valueName":"search_term_string"}}],"inLanguage":"fr-FR"}]}},"_links":{"self":[{"href":"https:\/\/portagepower.com\/fr\/wp-json\/wp\/v2\/pages\/10745","targetHints":{"allow":["GET"]}}],"collection":[{"href":"https:\/\/portagepower.com\/fr\/wp-json\/wp\/v2\/pages"}],"about":[{"href":"https:\/\/portagepower.com\/fr\/wp-json\/wp\/v2\/types\/page"}],"author":[{"embeddable":true,"href":"https:\/\/portagepower.com\/fr\/wp-json\/wp\/v2\/users\/3"}],"replies":[{"embeddable":true,"href":"https:\/\/portagepower.com\/fr\/wp-json\/wp\/v2\/comments?post=10745"}],"version-history":[{"count":5,"href":"https:\/\/portagepower.com\/fr\/wp-json\/wp\/v2\/pages\/10745\/revisions"}],"predecessor-version":[{"id":10759,"href":"https:\/\/portagepower.com\/fr\/wp-json\/wp\/v2\/pages\/10745\/revisions\/10759"}],"wp:featuredmedia":[{"embeddable":true,"href":"https:\/\/portagepower.com\/fr\/wp-json\/wp\/v2\/media\/8523"}],"wp:attachment":[{"href":"https:\/\/portagepower.com\/fr\/wp-json\/wp\/v2\/media?parent=10745"}],"curies":[{"name":"wp","href":"https:\/\/api.w.org\/{rel}","templated":true}]}}