{"id":10377,"date":"2025-09-29T12:41:46","date_gmt":"2025-09-29T17:41:46","guid":{"rendered":"https:\/\/portagepower.com\/dam-safety\/"},"modified":"2025-10-09T10:09:15","modified_gmt":"2025-10-09T15:09:15","slug":"securite-pres-des-barrages","status":"publish","type":"page","link":"https:\/\/portagepower.com\/fr\/securite-pres-des-barrages\/","title":{"rendered":"S\u00e9curit\u00e9 pr\u00e8s des barrages"},"content":{"rendered":"<div class=\"wpb-content-wrapper\"><p>[vc_row row_type=\u00a0\u00bbparallax\u00a0\u00bb content_width=\u00a0\u00bbgrid\u00a0\u00bb full_screen_section_height=\u00a0\u00bbno\u00a0\u00bb parallax_background_image=\u00a0\u00bb9987&Prime; el_id=\u00a0\u00bbpage-hero\u00a0\u00bb css=\u00a0\u00bb.vc_custom_1759167696020{padding-top: 300px !important;padding-bottom: 100px !important;background-color: #394B68 !important;}\u00a0\u00bb][vc_column][vc_column_text css=\u00a0\u00bb\u00a0\u00bb]<\/p>\n<h1><span class=\"title-wrapper\">S\u00c9CURIT\u00c9 PR\u00c8S DES BARRAGES<\/span><\/h1>\n<p>[\/vc_column_text][\/vc_column][\/vc_row][vc_row content_width=\u00a0\u00bbgrid\u00a0\u00bb css=\u00a0\u00bb.vc_custom_1758301610051{padding-top: 40px !important;padding-bottom: 60px !important;}\u00a0\u00bb el_class=\u00a0\u00bbcenter-vertical grey-canoe-bg\u00a0\u00bb][vc_column width=\u00a0\u00bb1\/2&Prime; css=\u00a0\u00bb.vc_custom_1757966861123{padding-top: 20px !important;padding-right: 40px !important;padding-bottom: 20px !important;padding-left: 40px !important;}\u00a0\u00bb][vc_single_image image=\u00a0\u00bb10151&Prime; img_size=\u00a0\u00bbfull\u00a0\u00bb css=\u00a0\u00bb\u00a0\u00bb el_class=\u00a0\u00bbrounded-left\u00a0\u00bb][\/vc_column][vc_column width=\u00a0\u00bb1\/2&Prime; css=\u00a0\u00bb.vc_custom_1757966868417{padding-top: 20px !important;padding-right: 40px !important;padding-bottom: 20px !important;padding-left: 40px !important;}\u00a0\u00bb][vc_column_text css=\u00a0\u00bb\u00a0\u00bb]<\/p>\n<h3>S\u00c9CURIT\u00c9 PR\u00c8S DES BARRAGES ET DES CENTRALES<\/h3>\n<p>Les barrages, centrales, d\u00e9versoirs et seuils sont essentiels \u00e0 la production d\u2019\u00e9nergie propre, mais ils peuvent aussi pr\u00e9senter des dangers. Que vous soyez en bateau, \u00e0 la p\u00eache ou simplement en train de profiter de la rivi\u00e8re, il est important de rester vigilant et de suivre les consignes de s\u00e9curit\u00e9 pour vous prot\u00e9ger, vous et vos proches. Voici quelques conseils cl\u00e9s pour rester en s\u00e9curit\u00e9 toute l\u2019ann\u00e9e pr\u00e8s des installations hydro\u00e9lectriques.[\/vc_column_text][\/vc_column][\/vc_row][vc_row content_width=\u00a0\u00bbgrid\u00a0\u00bb css=\u00a0\u00bb.vc_custom_1759169461020{padding-top: 40px !important;padding-bottom: 60px !important;background: #45A280 url(https:\/\/portagepower.com\/wp-content\/uploads\/2025\/09\/ds-video.jpg?id=9999) !important;background-position: center !important;background-repeat: no-repeat !important;background-size: cover !important;}\u00a0\u00bb el_class=\u00a0\u00bbcenter-vertical white-text\u00a0\u00bb][vc_column width=\u00a0\u00bb1\/2&Prime; css=\u00a0\u00bb.vc_custom_1757966861123{padding-top: 20px !important;padding-right: 40px !important;padding-bottom: 20px !important;padding-left: 40px !important;}\u00a0\u00bb][vc_column_text css=\u00a0\u00bb.vc_custom_1759865955972{padding-bottom: 20px !important;}\u00a0\u00bb]<\/p>\n<h3>APPRENEZ COMMENT RESTER EN S\u00c9CURIT\u00c9 PR\u00c8S DES BARRAGES ET DES CENTRALES.<\/h3>\n<p>[\/vc_column_text][\/vc_column][vc_column width=\u00a0\u00bb1\/2&Prime; css=\u00a0\u00bb.vc_custom_1759432663916{padding-top: 20px !important;padding-right: 10px !important;padding-bottom: 20px !important;padding-left: 10px !important;}\u00a0\u00bb]<div id=\"ultimate-video-445069e90ceae4c43\" class=\"ult-video  ult-adjust-bottom-margin ultimate-video-445069e90ceae4c43 ultv-9703 \"><div class=\"ultv-video ultv-aspect-ratio-16_9 ultv-subscribe-responsive-none\" data-videotype=\"uv_iframe\">\n\t\t\t\t\t\t<div class=\"ultv-video__outer-wrap\" data-autoplay=\"0\" data-device=\"false\"  data-iconbg=\"#3A3A3A\" data-overcolor=\"#00000000\" data-defaultbg=\"#1f1f1e\" data-defaultplay=\"image\"><div class=\"ultv-video__play\" data-src=\"https:\/\/www.youtube.com\/embed\/W7bjLK-Z5_M?rel=0&#038;start&#038;end&#038;controls=1&#038;mute=0&#038;modestbranding=0&#038;autoplay=1\">\n\t\t\t\t\t\t\t\t<img decoding=\"async\" class=\"ultv-video__thumb\" src=\"https:\/\/portagepower.com\/wp-content\/uploads\/2025\/10\/Image2.jpg\"\/>\n\t\t\t\t\t\t\t\t<div class=\"ultv-video__play-icon  ultv-animation-float\" style=\"width:101px\"><img decoding=\"async\" src=\"https:\/\/portagepower.com\/wp-content\/uploads\/2025\/09\/play-button.png\"\/><\/div> <\/div> <\/div><\/div><\/div>[\/vc_column][\/vc_row][vc_row el_id=\u00a0\u00bbdamsafety-grey-curves\u00a0\u00bb][vc_column][vc_single_image image=\u00a0\u00bb9419&Prime; img_size=\u00a0\u00bbfull\u00a0\u00bb css=\u00a0\u00bb\u00a0\u00bb el_class=\u00a0\u00bbgrey-curves\u00a0\u00bb][\/vc_column][\/vc_row][vc_row content_width=\u00a0\u00bbgrid\u00a0\u00bb css=\u00a0\u00bb.vc_custom_1759170262202{padding-top: 40px !important;padding-bottom: 60px !important;}\u00a0\u00bb][vc_column][vc_column_text css=\u00a0\u00bb.vc_custom_1759864297065{margin-bottom: 60px !important;}\u00a0\u00bb]<\/p>\n<h2>Conseils de s\u00e9curit\u00e9 cl\u00e9s<\/h2>\n<p>[\/vc_column_text][vc_column_text css=\u00a0\u00bb\u00a0\u00bb]<\/p>\n<ol class=\"flex-split\">\n<li>\n<div class=\"item-body\">\n<h4>RESTEZ \u00c0 UNE DISTANCE S\u00c9CURITAIRE<\/h4>\n<p>Gardez toujours une distance s\u00e9curitaire des barrages, en amont comme en aval. M\u00eame si l\u2019eau semble calme, des courants invisibles et la mise en marche soudaine des turbines peuvent cr\u00e9er des conditions dangereuses.<\/p><\/div>\n<\/li>\n<li>\n<div class=\"item-body\">\n<h4>SURVEILLEZ LES CHANGEMENTS DES CONDITIONS DE L\u2019EAU<\/h4>\n<p>Le niveau de l\u2019eau peut monter ou descendre rapidement en raison des op\u00e9rations ou de la m\u00e9t\u00e9o. Si vous remarquez un changement soudain, \u00e9loignez-vous imm\u00e9diatement.<\/p><\/div>\n<\/li>\n<li>\n<div class=\"item-body\">\n<h4>RESPECTEZ LA SIGNALISATION ET LES BARRI\u00c8RES<\/h4>\n<p>Ob\u00e9issez \u00e0 toute la signalisation, aux cl\u00f4tures, bou\u00e9es et estacades. Ces rep\u00e8res servent \u00e0 vous prot\u00e9ger \u2014 ne les franchissez jamais, m\u00eame s\u2019ils semblent inactifs.<\/p><\/div>\n<\/li>\n<li>\n<div class=\"item-body\">\n<h4>\u00c9VITEZ LES BERGES<\/h4>\n<p>Les rives peuvent \u00eatre glissantes, instables ou sujettes \u00e0 des crues soudaines. M\u00eame si elles paraissent s\u00fbres, les conditions peuvent changer rapidement.<\/p><\/div>\n<\/li>\n<li>\n<div class=\"item-body\">\n<h4>SURVEILLEZ LES ENFANTS EN TOUT TEMPS<\/h4>\n<p>Les enfants doivent toujours \u00eatre surveill\u00e9s pr\u00e8s de l\u2019eau. Apprenez-leur \u00e0 reconna\u00eetre les panneaux d\u2019avertissement et \u00e0 \u00e9viter les zones dangereuses.<\/p><\/div>\n<\/li>\n<li>\n<div class=\"item-body\">\n<h4>\u00c9LOIGNEZ LES EMBARCATIONS DES BARRAGES<\/h4>\n<p>Ne vous tenez pas et n\u2019ancrez pas votre embarcation en aval d\u2019un barrage. Les variations rapides du d\u00e9bit peuvent submerger les bateaux. Respectez la r\u00e9glementation de la <a href=\"https:\/\/www.ccg-gcc.gc.ca\/index-fra.html\">Garde c\u00f4ti\u00e8re canadienne<\/a>.<\/div>\n<\/li>\n<li>\n<div class=\"item-body\">\n<h4>AUCUNE BAIGNADE<\/h4>\n<p>La baignade pr\u00e8s des installations hydro\u00e9lectriques est interdite. Les courants et les niveaux d\u2019eau peuvent changer sans avertissement et devenir mortels.<\/p><\/div>\n<\/li>\n<li>\n<div class=\"item-body\">\n<h4>\u00c9VITEZ LES ZONES SUJETTES AUX INONDATIONS<\/h4>\n<p>Ne pique-niquez pas, ne campez pas et ne restez pas dans les zones basses pr\u00e8s des d\u00e9versoirs ou berges. L\u2019eau peut monter soudainement lorsque les vannes s\u2019ouvrent.<\/p><\/div>\n<\/li>\n<li>\n<div class=\"item-body\">\n<h4>\u00c9VITEZ LA GLACE EN HIVER<\/h4>\n<p>La glace pr\u00e8s des installations hydro\u00e9lectriques est instable et impr\u00e9visible. Les variations du courant la rendent dangereuse pour le patinage, la marche ou la motoneige.<\/p><\/div>\n<\/li>\n<li>\n<div class=\"item-body\">\n<h4>EN CAS D\u2019URGENCE, COMPOSEZ LE 911<\/h4>\n<p>Restez calme, notez votre emplacement et appelez imm\u00e9diatement le 911. Avoir un t\u00e9l\u00e9phone \u00e0 port\u00e9e de main facilite une intervention rapide.<\/p><\/div>\n<\/li>\n<\/ol>\n<p>[\/vc_column_text][\/vc_column][\/vc_row][vc_row content_width=\u00a0\u00bbgrid\u00a0\u00bb content_aligment=\u00a0\u00bbcenter\u00a0\u00bb css=\u00a0\u00bb.vc_custom_1759242888274{padding-top: 40px !important;background: #091A36 url(https:\/\/portagepower.com\/wp-content\/uploads\/2025\/09\/pp-dam-safety-conditions.jpg?id=10016) !important;background-position: center !important;background-repeat: no-repeat !important;background-size: cover !important;}\u00a0\u00bb el_class=\u00a0\u00bbwhite-text\u00a0\u00bb el_id=\u00a0\u00bbwater-flood-conditions\u00a0\u00bb][vc_column][vc_row_inner css=\u00a0\u00bb.vc_custom_1759247177772{margin-bottom: 50px !important;}\u00a0\u00bb][vc_column_inner width=\u00a0\u00bb1\/6&Prime;][\/vc_column_inner][vc_column_inner width=\u00a0\u00bb2\/3&Prime;][vc_column_text css=\u00a0\u00bb\u00a0\u00bb]<\/p>\n<h2>V\u00c9RIFIEZ LES CONDITIONS DE L\u2019EAU ET DES INONDATIONS<\/h2>\n<p>[\/vc_column_text][\/vc_column_inner][vc_column_inner width=\u00a0\u00bb1\/6&Prime;][\/vc_column_inner][\/vc_row_inner][vc_row_inner css=\u00a0\u00bb.vc_custom_1759178230351{padding-top: 40px !important;padding-bottom: 60px !important;}\u00a0\u00bb el_class=\u00a0\u00bbds-conditions-gradient\u00a0\u00bb][vc_column_inner width=\u00a0\u00bb1\/3&Prime;][vc_column_text css=\u00a0\u00bb\u00a0\u00bb]<\/p>\n<h4>R\u00e9gion de la capitale nationale et Est de l\u2019Ontario<\/h4>\n<p>Office de protection de la nature de la vall\u00e9e Rideau<\/p>\n<div class=\"btn-portage btn-green\"><a href=\"https:\/\/www.rvca.ca\/watershed-management\/current-conditions\">CONDITIONS ACTUELLES<\/a><\/div>\n<p>[\/vc_column_text][vc_column_text css=\u00a0\u00bb.vc_custom_1759866682043{margin-top: 40px !important;}\u00a0\u00bb]Office de protection de la nature de la vall\u00e9e Mississippi<\/p>\n<div class=\"btn-portage btn-green\"><a href=\"https:\/\/mvc.on.ca\/flood-status\/\">\u00c9TAT DES INONDATIONS<\/a><\/div>\n<p>[\/vc_column_text][\/vc_column_inner][vc_column_inner width=\u00a0\u00bb1\/3&Prime;][vc_column_text css=\u00a0\u00bb\u00a0\u00bb]<\/p>\n<h4>Gananoque<\/h4>\n<p>Office de protection de la nature de Cataraqui<\/p>\n<div class=\"btn-portage btn-green\"><a href=\"https:\/\/cataraquiconservation.ca\/blogs\/flood-status\">\u00c9TAT DES INONDATIONS<\/a><\/div>\n<p>[\/vc_column_text][\/vc_column_inner][vc_column_inner width=\u00a0\u00bb1\/3&Prime;][vc_column_text css=\u00a0\u00bb\u00a0\u00bb]<\/p>\n<h4>\u00c9tat de New York<\/h4>\n<p>USGS WaterWatch<\/p>\n<div class=\"btn-portage btn-green\"><a href=\"https:\/\/waterwatch.usgs.gov\/\">VOIR MAINTENANT<\/a><\/div>\n<p>[\/vc_column_text][vc_column_text css=\u00a0\u00bb.vc_custom_1759866771644{margin-top: 40px !important;}\u00a0\u00bb]NOAA \u2013 Service national de pr\u00e9vision hydrologique<\/p>\n<div class=\"btn-portage btn-green\"><a href=\"https:\/\/water.noaa.gov\/#@=-96.4277021,38.1870717,4.0660998&amp;b=topographic&amp;g=obsFcst,1!1!1!1!1!1!1!1!1!1!1!1!1!1!1!0!0!0!0!0,0.5,1!1!1!1!0,0,0,true&amp;ab=0,0,#D94B4A,1,1,1,#cccccc,1,0,0,#B243B1,1,0,0,#98E09A,1,false&amp;a=hydrologic,0.35,false&amp;s=0,0,0.9,0.9,false&amp;n=false,#72afe9,0.9,0,0.9,0,0.9,false&amp;p=false,0.75,0,7,0,1,2025,10,7,0,false&amp;d=0,0,1,1,1,1,1,1,#006EFF,1,#006EFF,1,#006EFF,false&amp;q=\">VOIR MAINTENANT<\/a><\/div>\n<p>[\/vc_column_text][\/vc_column_inner][\/vc_row_inner][\/vc_column][\/vc_row][vc_row content_width=\u00a0\u00bbgrid\u00a0\u00bb css=\u00a0\u00bb.vc_custom_1758423593987{margin-top: 60px !important;margin-bottom: 40px !important;}\u00a0\u00bb][vc_column width=\u00a0\u00bb5\/6&Prime;][vc_column_text css=\u00a0\u00bb.vc_custom_1759866799796{margin-bottom: 30px !important;}\u00a0\u00bb]<\/p>\n<h2>D\u00c9COUVREZ <span class=\"br\">NOS R\u00c9CITS<\/span><\/h2>\n<p>[\/vc_column_text][vc_column_text css=\u00a0\u00bb\u00a0\u00bb]Apprenez-en plus sur l&rsquo;hydro\u00e9lectricit\u00e9, notre histoire et les initiatives qui fa\u00e7onnent un avenir plus propre.[\/vc_column_text][\/vc_column][vc_column width=\u00a0\u00bb1\/6&Prime;][\/vc_column][\/vc_row][vc_row content_width=\u00a0\u00bbgrid\u00a0\u00bb css=\u00a0\u00bb.vc_custom_1758045946837{padding-bottom: 30px !important;}\u00a0\u00bb][vc_column]<div class=\"qodef-blog-list-holder qodef-boxes qodef-three-columns\">\n\t<ul class=\"qodef-blog-list\">\n\t<li class=\"qodef-blog-list-item clearfix\">\n\t<div class=\"qodef-blog-list-item-inner\">\n\t\t<div class=\"qodef-item-image\">\n\t\t\t<a href=\"https:\/\/portagepower.com\/fr\/portage-energie-fournit-39-megawatts-denergie-propre-et-renouvelable-a-lontario\/\">\n\t\t\t\t<img loading=\"lazy\" decoding=\"async\" width=\"550\" height=\"309\" src=\"https:\/\/portagepower.com\/wp-content\/uploads\/2025\/01\/Hull2.png\" class=\"attachment-qode_startit_square size-qode_startit_square wp-post-image\" alt=\"\" \/>\t\t\t\t\n\t\t\t<\/a>\n\t\t<\/div>\n\t\t<div class=\"qodef-item-text-holder\">\n\t\t\t<h4 class=\"qodef-item-title\">\n\t\t\t\t<a href=\"https:\/\/portagepower.com\/fr\/portage-energie-fournit-39-megawatts-denergie-propre-et-renouvelable-a-lontario\/\" >\n\t\t\t\t\tPortage \u00e9nergie fournit 39 m\u00e9gawatts d\u2019\u00e9nergie propre et renouvelable \u00e0 l\u2019ontario\t\t\t\t<\/a>\n\t\t\t<\/h4>\n\t\t\t\n\t\t\t<div class=\"qodef-item-info-section\">\n\t\t\t\t<div class=\"qodef-post-info-author\">by <a class=\"qodef-post-info-author-link\" href=\"https:\/\/portagepower.com\/fr\/author\/anask\/\">Power Portage<\/a><\/div>\n<div class=\"qodef-post-info-category\">\n    in <a href=\"https:\/\/portagepower.com\/fr\/category\/tous-les-articles\/blogue\/a-la-une-blog-fr\/\" rel=\"category tag\">\u00c0 la une<\/a>, <a href=\"https:\/\/portagepower.com\/fr\/category\/tous-les-articles\/blogue\/\" rel=\"category tag\">Blogue<\/a>, <a href=\"https:\/\/portagepower.com\/fr\/category\/tous-les-articles\/blogue\/generer-lhistoire\/\" rel=\"category tag\">G\u00e9n\u00e9rer l\u2019histoire<\/a>, <a href=\"https:\/\/portagepower.com\/fr\/category\/tous-les-articles\/blogue\/hydroelectricite\/\" rel=\"category tag\">Hydro\u00e9lectricit\u00e9<\/a>, <a href=\"https:\/\/portagepower.com\/fr\/category\/tous-les-articles\/blogue\/region-de-la-capitale-nationale\/\" rel=\"category tag\">R\u00e9gion de la capitale nationale<\/a><\/div>\t\t\t<\/div>\n\t\t\t\n\t\t\t\t\t\t\t<p class=\"qodef-excerpt\">Rappelons d\u2019abord qu\u2019Hydro Ottawa a fait l\u2019acquisition, en 2012 et en 2016, de deux centrales hydro\u00e9lectriques situ\u00e9es aux chutes de...<\/p>\n\t\t\t\t\t<\/div>\n\t<\/div>\t\n<\/li><li class=\"qodef-blog-list-item clearfix\">\n\t<div class=\"qodef-blog-list-item-inner\">\n\t\t<div class=\"qodef-item-image\">\n\t\t\t<a href=\"https:\/\/portagepower.com\/fr\/dix-faits-captivants-que-vous-ne-connaissez-peut-etre-pas-concernant-les-chutes-de-la-chaudiere\/\">\n\t\t\t\t<img loading=\"lazy\" decoding=\"async\" width=\"550\" height=\"366\" src=\"https:\/\/portagepower.com\/wp-content\/uploads\/2019\/02\/LUT9959-compress.jpg\" class=\"attachment-qode_startit_square size-qode_startit_square wp-post-image\" alt=\"\" \/>\t\t\t\t\n\t\t\t<\/a>\n\t\t<\/div>\n\t\t<div class=\"qodef-item-text-holder\">\n\t\t\t<h4 class=\"qodef-item-title\">\n\t\t\t\t<a href=\"https:\/\/portagepower.com\/fr\/dix-faits-captivants-que-vous-ne-connaissez-peut-etre-pas-concernant-les-chutes-de-la-chaudiere\/\" >\n\t\t\t\t\tDix faits captivants que vous ne connaissez peut-\u00eatre pas concernant les chutes de la chaudi\u00e8re\t\t\t\t<\/a>\n\t\t\t<\/h4>\n\t\t\t\n\t\t\t<div class=\"qodef-item-info-section\">\n\t\t\t\t<div class=\"qodef-post-info-author\">by <a class=\"qodef-post-info-author-link\" href=\"https:\/\/portagepower.com\/fr\/author\/anask\/\">Power Portage<\/a><\/div>\n<div class=\"qodef-post-info-category\">\n    in <a href=\"https:\/\/portagepower.com\/fr\/category\/tous-les-articles\/blogue\/\" rel=\"category tag\">Blogue<\/a>, <a href=\"https:\/\/portagepower.com\/fr\/category\/tous-les-articles\/blogue\/hydroelectricite\/\" rel=\"category tag\">Hydro\u00e9lectricit\u00e9<\/a>, <a href=\"https:\/\/portagepower.com\/fr\/category\/tous-les-articles\/blogue\/region-de-la-capitale-nationale\/\" rel=\"category tag\">R\u00e9gion de la capitale nationale<\/a><\/div>\t\t\t<\/div>\n\t\t\t\n\t\t\t\t\t\t\t<p class=\"qodef-excerpt\">\u00c0 Ottawa, les chutes de la Chaudi\u00e8re constituent un lieu d\u2019int\u00e9r\u00eat remarquable o\u00f9 se trouvent plusieurs centrales hydro\u00e9lectriques q...<\/p>\n\t\t\t\t\t<\/div>\n\t<\/div>\t\n<\/li><li class=\"qodef-blog-list-item clearfix\">\n\t<div class=\"qodef-blog-list-item-inner\">\n\t\t<div class=\"qodef-item-image\">\n\t\t\t<a href=\"https:\/\/portagepower.com\/fr\/un-pan-de-lhistoire-de-la-production-delectricite-le-projet-dagrandissement-aux-chutes-de-la-chaudiere\/\">\n\t\t\t\t<img loading=\"lazy\" decoding=\"async\" width=\"550\" height=\"309\" src=\"https:\/\/portagepower.com\/wp-content\/uploads\/2024\/12\/Chaudiere-Powerhouse.png\" class=\"attachment-qode_startit_square size-qode_startit_square wp-post-image\" alt=\"\" \/>\t\t\t\t\n\t\t\t<\/a>\n\t\t<\/div>\n\t\t<div class=\"qodef-item-text-holder\">\n\t\t\t<h4 class=\"qodef-item-title\">\n\t\t\t\t<a href=\"https:\/\/portagepower.com\/fr\/un-pan-de-lhistoire-de-la-production-delectricite-le-projet-dagrandissement-aux-chutes-de-la-chaudiere\/\" >\n\t\t\t\t\tUn pan de l\u2019histoire de la production d\u2019\u00e9lectricit\u00e9 : le projet d\u2019agrandissement aux chutes de la chaudi\u00e8re\t\t\t\t<\/a>\n\t\t\t<\/h4>\n\t\t\t\n\t\t\t<div class=\"qodef-item-info-section\">\n\t\t\t\t<div class=\"qodef-post-info-author\">by <a class=\"qodef-post-info-author-link\" href=\"https:\/\/portagepower.com\/fr\/author\/anask\/\">Power Portage<\/a><\/div>\n<div class=\"qodef-post-info-category\">\n    in <a href=\"https:\/\/portagepower.com\/fr\/category\/tous-les-articles\/blogue\/\" rel=\"category tag\">Blogue<\/a>, <a href=\"https:\/\/portagepower.com\/fr\/category\/tous-les-articles\/blogue\/generer-lhistoire\/\" rel=\"category tag\">G\u00e9n\u00e9rer l\u2019histoire<\/a>, <a href=\"https:\/\/portagepower.com\/fr\/category\/tous-les-articles\/blogue\/hydroelectricite\/\" rel=\"category tag\">Hydro\u00e9lectricit\u00e9<\/a>, <a href=\"https:\/\/portagepower.com\/fr\/category\/tous-les-articles\/blogue\/region-de-la-capitale-nationale\/\" rel=\"category tag\">R\u00e9gion de la capitale nationale<\/a><\/div>\t\t\t<\/div>\n\t\t\t\n\t\t\t\t\t\t\t<p class=\"qodef-excerpt\">Notre vision du projet d\u2019agrandissement aux chutes de la Chaudi\u00e8re comprenait trois volets : produire de l\u2019\u00e9nergie propre et renouvela...<\/p>\n\t\t\t\t\t<\/div>\n\t<\/div>\t\n<\/li>\t<\/ul>\t\n<\/div>\n[\/vc_column][\/vc_row]<\/p>\n<\/div>","protected":false},"excerpt":{"rendered":"<p>[vc_row row_type=\u00a0\u00bbparallax\u00a0\u00bb content_width=\u00a0\u00bbgrid\u00a0\u00bb full_screen_section_height=\u00a0\u00bbno\u00a0\u00bb parallax_background_image=\u00a0\u00bb9987&Prime; el_id=\u00a0\u00bbpage-hero\u00a0\u00bb css=\u00a0\u00bb.vc_custom_1759167696020{padding-top: 300px !important;padding-bottom: 100px !important;background-color: #394B68 !important;}\u00a0\u00bb][vc_column][vc_column_text css=\u00a0\u00bb\u00a0\u00bb] S\u00c9CURIT\u00c9 PR\u00c8S DES BARRAGES [\/vc_column_text][\/vc_column][\/vc_row][vc_row content_width=\u00a0\u00bbgrid\u00a0\u00bb css=\u00a0\u00bb.vc_custom_1758301610051{padding-top: 40px !important;padding-bottom: 60px !important;}\u00a0\u00bb el_class=\u00a0\u00bbcenter-vertical grey-canoe-bg\u00a0\u00bb][vc_column width=\u00a0\u00bb1\/2&Prime;&#8230;<\/p>\n","protected":false},"author":3,"featured_media":0,"parent":0,"menu_order":0,"comment_status":"closed","ping_status":"closed","template":"full-width.php","meta":{"footnotes":""},"class_list":["post-10377","page","type-page","status-publish","hentry"],"yoast_head":"<!-- This site is optimized with the Yoast SEO plugin v27.4 - https:\/\/yoast.com\/product\/yoast-seo-wordpress\/ -->\n<title>S\u00e9curit\u00e9 pr\u00e8s des barrages - Portage Power<\/title>\n<meta name=\"robots\" content=\"index, follow, max-snippet:-1, max-image-preview:large, max-video-preview:-1\" \/>\n<link rel=\"canonical\" href=\"https:\/\/portagepower.com\/fr\/securite-pres-des-barrages\/\" \/>\n<meta property=\"og:locale\" content=\"fr_FR\" \/>\n<meta property=\"og:type\" content=\"article\" \/>\n<meta property=\"og:title\" content=\"S\u00e9curit\u00e9 pr\u00e8s des barrages - Portage Power\" \/>\n<meta property=\"og:description\" content=\"[vc_row row_type=\u00a0\u00bbparallax\u00a0\u00bb content_width=\u00a0\u00bbgrid\u00a0\u00bb full_screen_section_height=\u00a0\u00bbno\u00a0\u00bb parallax_background_image=\u00a0\u00bb9987&Prime; el_id=\u00a0\u00bbpage-hero\u00a0\u00bb css=\u00a0\u00bb.vc_custom_1759167696020{padding-top: 300px !important;padding-bottom: 100px !important;background-color: #394B68 !important;}\u00a0\u00bb][vc_column][vc_column_text css=\u00a0\u00bb\u00a0\u00bb] S\u00c9CURIT\u00c9 PR\u00c8S DES BARRAGES [\/vc_column_text][\/vc_column][\/vc_row][vc_row content_width=\u00a0\u00bbgrid\u00a0\u00bb css=\u00a0\u00bb.vc_custom_1758301610051{padding-top: 40px !important;padding-bottom: 60px !important;}\u00a0\u00bb el_class=\u00a0\u00bbcenter-vertical grey-canoe-bg\u00a0\u00bb][vc_column width=\u00a0\u00bb1\/2&Prime;...\" \/>\n<meta property=\"og:url\" content=\"https:\/\/portagepower.com\/fr\/securite-pres-des-barrages\/\" \/>\n<meta property=\"og:site_name\" content=\"Portage Power\" \/>\n<meta property=\"article:modified_time\" content=\"2025-10-09T15:09:15+00:00\" \/>\n<meta name=\"twitter:card\" content=\"summary_large_image\" \/>\n<meta name=\"twitter:label1\" content=\"Dur\u00e9e de lecture estim\u00e9e\" \/>\n\t<meta name=\"twitter:data1\" content=\"3 minutes\" \/>\n<script type=\"application\/ld+json\" class=\"yoast-schema-graph\">{\"@context\":\"https:\\\/\\\/schema.org\",\"@graph\":[{\"@type\":\"WebPage\",\"@id\":\"https:\\\/\\\/portagepower.com\\\/fr\\\/securite-pres-des-barrages\\\/\",\"url\":\"https:\\\/\\\/portagepower.com\\\/fr\\\/securite-pres-des-barrages\\\/\",\"name\":\"S\u00e9curit\u00e9 pr\u00e8s des barrages - Portage Power\",\"isPartOf\":{\"@id\":\"https:\\\/\\\/portagepower.com\\\/#website\"},\"datePublished\":\"2025-09-29T17:41:46+00:00\",\"dateModified\":\"2025-10-09T15:09:15+00:00\",\"breadcrumb\":{\"@id\":\"https:\\\/\\\/portagepower.com\\\/fr\\\/securite-pres-des-barrages\\\/#breadcrumb\"},\"inLanguage\":\"fr-FR\",\"potentialAction\":[{\"@type\":\"ReadAction\",\"target\":[\"https:\\\/\\\/portagepower.com\\\/fr\\\/securite-pres-des-barrages\\\/\"]}]},{\"@type\":\"BreadcrumbList\",\"@id\":\"https:\\\/\\\/portagepower.com\\\/fr\\\/securite-pres-des-barrages\\\/#breadcrumb\",\"itemListElement\":[{\"@type\":\"ListItem\",\"position\":1,\"name\":\"Home\",\"item\":\"https:\\\/\\\/portagepower.com\\\/fr\\\/\"},{\"@type\":\"ListItem\",\"position\":2,\"name\":\"S\u00e9curit\u00e9 pr\u00e8s des barrages\"}]},{\"@type\":\"WebSite\",\"@id\":\"https:\\\/\\\/portagepower.com\\\/#website\",\"url\":\"https:\\\/\\\/portagepower.com\\\/\",\"name\":\"Portage Power\",\"description\":\"Generating Renewable Power\",\"potentialAction\":[{\"@type\":\"SearchAction\",\"target\":{\"@type\":\"EntryPoint\",\"urlTemplate\":\"https:\\\/\\\/portagepower.com\\\/?s={search_term_string}\"},\"query-input\":{\"@type\":\"PropertyValueSpecification\",\"valueRequired\":true,\"valueName\":\"search_term_string\"}}],\"inLanguage\":\"fr-FR\"}]}<\/script>\n<!-- \/ Yoast SEO plugin. -->","yoast_head_json":{"title":"S\u00e9curit\u00e9 pr\u00e8s des barrages - Portage Power","robots":{"index":"index","follow":"follow","max-snippet":"max-snippet:-1","max-image-preview":"max-image-preview:large","max-video-preview":"max-video-preview:-1"},"canonical":"https:\/\/portagepower.com\/fr\/securite-pres-des-barrages\/","og_locale":"fr_FR","og_type":"article","og_title":"S\u00e9curit\u00e9 pr\u00e8s des barrages - Portage Power","og_description":"[vc_row row_type=\u00a0\u00bbparallax\u00a0\u00bb content_width=\u00a0\u00bbgrid\u00a0\u00bb full_screen_section_height=\u00a0\u00bbno\u00a0\u00bb parallax_background_image=\u00a0\u00bb9987&Prime; el_id=\u00a0\u00bbpage-hero\u00a0\u00bb css=\u00a0\u00bb.vc_custom_1759167696020{padding-top: 300px !important;padding-bottom: 100px !important;background-color: #394B68 !important;}\u00a0\u00bb][vc_column][vc_column_text css=\u00a0\u00bb\u00a0\u00bb] S\u00c9CURIT\u00c9 PR\u00c8S DES BARRAGES [\/vc_column_text][\/vc_column][\/vc_row][vc_row content_width=\u00a0\u00bbgrid\u00a0\u00bb css=\u00a0\u00bb.vc_custom_1758301610051{padding-top: 40px !important;padding-bottom: 60px !important;}\u00a0\u00bb el_class=\u00a0\u00bbcenter-vertical grey-canoe-bg\u00a0\u00bb][vc_column width=\u00a0\u00bb1\/2&Prime;...","og_url":"https:\/\/portagepower.com\/fr\/securite-pres-des-barrages\/","og_site_name":"Portage Power","article_modified_time":"2025-10-09T15:09:15+00:00","twitter_card":"summary_large_image","twitter_misc":{"Dur\u00e9e de lecture estim\u00e9e":"3 minutes"},"schema":{"@context":"https:\/\/schema.org","@graph":[{"@type":"WebPage","@id":"https:\/\/portagepower.com\/fr\/securite-pres-des-barrages\/","url":"https:\/\/portagepower.com\/fr\/securite-pres-des-barrages\/","name":"S\u00e9curit\u00e9 pr\u00e8s des barrages - Portage Power","isPartOf":{"@id":"https:\/\/portagepower.com\/#website"},"datePublished":"2025-09-29T17:41:46+00:00","dateModified":"2025-10-09T15:09:15+00:00","breadcrumb":{"@id":"https:\/\/portagepower.com\/fr\/securite-pres-des-barrages\/#breadcrumb"},"inLanguage":"fr-FR","potentialAction":[{"@type":"ReadAction","target":["https:\/\/portagepower.com\/fr\/securite-pres-des-barrages\/"]}]},{"@type":"BreadcrumbList","@id":"https:\/\/portagepower.com\/fr\/securite-pres-des-barrages\/#breadcrumb","itemListElement":[{"@type":"ListItem","position":1,"name":"Home","item":"https:\/\/portagepower.com\/fr\/"},{"@type":"ListItem","position":2,"name":"S\u00e9curit\u00e9 pr\u00e8s des barrages"}]},{"@type":"WebSite","@id":"https:\/\/portagepower.com\/#website","url":"https:\/\/portagepower.com\/","name":"Portage Power","description":"Generating Renewable Power","potentialAction":[{"@type":"SearchAction","target":{"@type":"EntryPoint","urlTemplate":"https:\/\/portagepower.com\/?s={search_term_string}"},"query-input":{"@type":"PropertyValueSpecification","valueRequired":true,"valueName":"search_term_string"}}],"inLanguage":"fr-FR"}]}},"_links":{"self":[{"href":"https:\/\/portagepower.com\/fr\/wp-json\/wp\/v2\/pages\/10377","targetHints":{"allow":["GET"]}}],"collection":[{"href":"https:\/\/portagepower.com\/fr\/wp-json\/wp\/v2\/pages"}],"about":[{"href":"https:\/\/portagepower.com\/fr\/wp-json\/wp\/v2\/types\/page"}],"author":[{"embeddable":true,"href":"https:\/\/portagepower.com\/fr\/wp-json\/wp\/v2\/users\/3"}],"replies":[{"embeddable":true,"href":"https:\/\/portagepower.com\/fr\/wp-json\/wp\/v2\/comments?post=10377"}],"version-history":[{"count":13,"href":"https:\/\/portagepower.com\/fr\/wp-json\/wp\/v2\/pages\/10377\/revisions"}],"predecessor-version":[{"id":10416,"href":"https:\/\/portagepower.com\/fr\/wp-json\/wp\/v2\/pages\/10377\/revisions\/10416"}],"wp:attachment":[{"href":"https:\/\/portagepower.com\/fr\/wp-json\/wp\/v2\/media?parent=10377"}],"curies":[{"name":"wp","href":"https:\/\/api.w.org\/{rel}","templated":true}]}}