{"id":10302,"date":"2025-09-19T08:53:58","date_gmt":"2025-09-19T13:53:58","guid":{"rendered":"https:\/\/portagepower.com\/hydro\/"},"modified":"2025-10-10T12:59:47","modified_gmt":"2025-10-10T17:59:47","slug":"hydroelectricite","status":"publish","type":"page","link":"https:\/\/portagepower.com\/fr\/hydroelectricite\/","title":{"rendered":"Hydro\u00e9lectricit\u00e9"},"content":{"rendered":"<div class=\"wpb-content-wrapper\"><p>[vc_row row_type=\u00a0\u00bbparallax\u00a0\u00bb content_width=\u00a0\u00bbgrid\u00a0\u00bb full_screen_section_height=\u00a0\u00bbno\u00a0\u00bb parallax_background_image=\u00a0\u00bb9449&Prime; el_id=\u00a0\u00bbpage-hero\u00a0\u00bb css=\u00a0\u00bb.vc_custom_1758569347853{padding-top: 300px !important;padding-bottom: 100px !important;background-color: #092B46 !important;}\u00a0\u00bb][vc_column][vc_column_text css=\u00a0\u00bb\u00a0\u00bb]<\/p>\n<h1>La puissance <span class=\"br\">de l\u2019eau<\/span><\/h1>\n<p>[\/vc_column_text][\/vc_column][\/vc_row][vc_row content_width=\u00a0\u00bbgrid\u00a0\u00bb css=\u00a0\u00bb.vc_custom_1758301610051{padding-top: 40px !important;padding-bottom: 60px !important;}\u00a0\u00bb el_class=\u00a0\u00bbcenter-vertical grey-canoe-bg\u00a0\u00bb][vc_column width=\u00a0\u00bb1\/2&Prime; css=\u00a0\u00bb.vc_custom_1757966861123{padding-top: 20px !important;padding-right: 40px !important;padding-bottom: 20px !important;padding-left: 40px !important;}\u00a0\u00bb][vc_column_text css=\u00a0\u00bb\u00a0\u00bb]En exploitant la force de l\u2019hydro\u00e9lectricit\u00e9, nous produisons une \u00e9lectricit\u00e9 durable qui relie les communaut\u00e9s \u00e0 un avenir plus responsable \u2014 un avenir qui respecte la nature et favorise le progr\u00e8s. Chacune de nos centrales hydro\u00e9lectriques fait partie d\u2019un parcours plus vaste, symbole d\u2019innovation, de respect de l\u2019environnement et d\u2019un engagement envers un changement durable. Abritant la plus ancienne centrale en exploitation au Canada, Portage \u00c9nergie est fi\u00e8re de son patrimoine hydro\u00e9lectrique.[\/vc_column_text][\/vc_column][vc_column width=\u00a0\u00bb1\/2&Prime; css=\u00a0\u00bb.vc_custom_1757966868417{padding-top: 20px !important;padding-right: 40px !important;padding-bottom: 20px !important;padding-left: 40px !important;}\u00a0\u00bb][vc_single_image image=\u00a0\u00bb9615&Prime; img_size=\u00a0\u00bbfull\u00a0\u00bb css=\u00a0\u00bb\u00a0\u00bb el_class=\u00a0\u00bbrounded-right\u00a0\u00bb][\/vc_column][\/vc_row][vc_row content_width=\u00a0\u00bbgrid\u00a0\u00bb css=\u00a0\u00bb.vc_custom_1758653066047{padding-top: 20px !important;padding-bottom: 20px !important;background: #155589 url(https:\/\/portagepower.com\/wp-content\/uploads\/2025\/09\/pillars-bg.jpg?id=9458) !important;background-position: center !important;background-repeat: no-repeat !important;background-size: cover !important;}\u00a0\u00bb el_id=\u00a0\u00bbhp-pillars\u00a0\u00bb el_class=\u00a0\u00bbwhite-text icon-box\u00a0\u00bb][vc_column][vc_row_inner][vc_column_inner width=\u00a0\u00bb1\/2&Prime; css=\u00a0\u00bb.vc_custom_1758303088693{padding-top: 40px !important;padding-bottom: 40px !important;}\u00a0\u00bb][vc_single_image image=\u00a0\u00bb10162&Prime; css=\u00a0\u00bb\u00a0\u00bb][vc_column_text css=\u00a0\u00bb\u00a0\u00bb]<\/p>\n<h3>Un impact environnemental minimal<\/h3>\n<p>Nos centrales hydro\u00e9lectriques sont con\u00e7ues pour r\u00e9duire au minimum leur impact sur l\u2019environnement. Elles ne produisent aucun d\u00e9chet, aucune \u00e9mission de carbone ni gaz \u00e0 effet de serre \u2014 assurant une \u00e9nergie propre et durable pour nos communaut\u00e9s.[\/vc_column_text][\/vc_column_inner][vc_column_inner width=\u00a0\u00bb1\/2&Prime; css=\u00a0\u00bb.vc_custom_1758303097785{padding-top: 40px !important;padding-bottom: 40px !important;}\u00a0\u00bb][vc_single_image image=\u00a0\u00bb10158&Prime; css=\u00a0\u00bb\u00a0\u00bb][vc_column_text css=\u00a0\u00bb\u00a0\u00bb]<\/p>\n<h3>Notre<br \/>\npr\u00e9sence<br \/>\nhydro\u00e9lectrique<\/h3>\n<p>Nous poss\u00e9dons et exploitons des centrales hydro\u00e9lectriques au fil de l\u2019eau dans divers endroits de l\u2019\u00c9tat de New York, du Qu\u00e9bec et de l\u2019Ontario, dont six aux chutes de la Chaudi\u00e8re, dans la r\u00e9gion de la capitale nationale, le long de la rivi\u00e8re des Outaouais.[\/vc_column_text][\/vc_column_inner][\/vc_row_inner][vc_row_inner][vc_column_inner width=\u00a0\u00bb1\/2&Prime; css=\u00a0\u00bb.vc_custom_1758303314521{padding-top: 40px !important;padding-bottom: 40px !important;}\u00a0\u00bb][vc_single_image image=\u00a0\u00bb10160&Prime; css=\u00a0\u00bb\u00a0\u00bb][vc_column_text css=\u00a0\u00bb\u00a0\u00bb]<\/p>\n<h3>Le courant naturel de l\u2019eau<\/h3>\n<p>Nos installations exploitent le courant naturel de la rivi\u00e8re et la d\u00e9nivellation pour g\u00e9n\u00e9rer de l\u2019\u00e9lectricit\u00e9; elles ne bloquent pas le cours de l\u2019eau et n\u2019exigent pas la cr\u00e9ation de r\u00e9servoirs.[\/vc_column_text][\/vc_column_inner][vc_column_inner width=\u00a0\u00bb1\/2&Prime; css=\u00a0\u00bb.vc_custom_1758303114047{padding-top: 40px !important;padding-bottom: 40px !important;}\u00a0\u00bb][vc_single_image image=\u00a0\u00bb10164&Prime; css=\u00a0\u00bb\u00a0\u00bb][vc_column_text css=\u00a0\u00bb\u00a0\u00bb]<\/p>\n<h3>Alimenter les communaut\u00e9s<\/h3>\n<p>Ensemble, nos centrales produisent 118,5 m\u00e9gawatts d\u2019\u00e9nergie renouvelable \u2014 assez pour alimenter 98 000 foyers par ann\u00e9e, r\u00e9duire les \u00e9missions et soutenir les communaut\u00e9s que nous servons.[\/vc_column_text][\/vc_column_inner][\/vc_row_inner][\/vc_column][\/vc_row][vc_row content_width=\u00a0\u00bbgrid\u00a0\u00bb content_aligment=\u00a0\u00bbcenter\u00a0\u00bb css=\u00a0\u00bb.vc_custom_1758418110426{padding-top: 100px !important;padding-bottom: 100px !important;}\u00a0\u00bb el_id=\u00a0\u00bbhp-video\u00a0\u00bb][vc_column][vc_column_text css=\u00a0\u00bb.vc_custom_1759851173369{padding-bottom: 40px !important;}\u00a0\u00bb]<\/p>\n<h3>D\u00e9couvrez la puissance de l\u2019eau<\/h3>\n<p>Voyez comment fonctionnent nos centrales hydro\u00e9lectriques au fil de l\u2019eau et constatez l\u2019impact concret de l\u2019\u00e9nergie renouvelable.[\/vc_column_text]<div id=\"ultimate-video-217769e90a2c8e03d\" class=\"ult-video  ult-adjust-bottom-margin ultimate-video-217769e90a2c8e03d ultv-9165 \"><div class=\"ultv-video ultv-aspect-ratio-16_9 ultv-subscribe-responsive-none\" data-videotype=\"uv_iframe\">\n\t\t\t\t\t\t<div class=\"ultv-video__outer-wrap\" data-autoplay=\"0\" data-device=\"false\"  data-iconbg=\"#3A3A3A\" data-overcolor=\"#00000000\" data-defaultbg=\"#1f1f1e\" data-defaultplay=\"image\"><div class=\"ultv-video__play\" data-src=\"https:\/\/www.youtube.com\/embed\/Pxx-3o-P7Uw?rel=0&#038;start&#038;end&#038;controls=1&#038;mute=0&#038;modestbranding=0&#038;autoplay=1\">\n\t\t\t\t\t\t\t\t<img decoding=\"async\" class=\"ultv-video__thumb\" src=\"https:\/\/portagepower.com\/wp-content\/uploads\/2025\/09\/hp-video-1.jpg\"\/>\n\t\t\t\t\t\t\t\t<div class=\"ultv-video__play-icon  ultv-animation-float\" style=\"width:101px\"><img decoding=\"async\" src=\"https:\/\/portagepower.com\/wp-content\/uploads\/2025\/09\/play-button.png\"\/><\/div> <\/div> <\/div><\/div><\/div>[\/vc_column][\/vc_row][vc_row content_width=\u00a0\u00bbgrid\u00a0\u00bb][vc_column width=\u00a0\u00bb5\/6&Prime;][vc_column_text css=\u00a0\u00bb.vc_custom_1759850327255{margin-bottom: 30px !important;}\u00a0\u00bb]<\/p>\n<h2>Nos centrales <span class=\"br\">hydro\u00e9lectriques<\/span><\/h2>\n<p>[\/vc_column_text][vc_column_text css=\u00a0\u00bb\u00a0\u00bb]Nous poss\u00e9dons et exploitons des centrales hydro\u00e9lectriques en Ontario, au Qu\u00e9bec et dans l\u2019\u00c9tat de New York. Nos installations vont de la plus ancienne centrale hydro\u00e9lectrique en exploitation au Canada \u00e0 des centrales souterraines modernes qui mettent en valeur un savoir-faire d\u2019ing\u00e9nierie de pointe.[\/vc_column_text][\/vc_column][vc_column width=\u00a0\u00bb1\/6&Prime;][\/vc_column][\/vc_row][vc_row content_width=\u00a0\u00bbgrid\u00a0\u00bb content_aligment=\u00a0\u00bbcenter\u00a0\u00bb css=\u00a0\u00bb.vc_custom_1758422282855{margin-top: 60px !important;margin-bottom: 100px !important;}\u00a0\u00bb][vc_column width=\u00a0\u00bb1\/3&Prime;][vc_column_text css=\u00a0\u00bb\u00a0\u00bb]<\/p>\n<div class=\"hp-facilities\">\n<div class=\"hp-facilities-title\">\n<h4 style=\"text-align: center;\">R\u00c9GION DE<br \/>\nLA CAPITALE NATIONALE<\/h4>\n<\/div>\n<div class=\"hp-facilities-explore\" style=\"text-align: center;\">Explorez<\/div>\n<div class=\"rounded-bottom\"><img decoding=\"async\" style=\"max-width: 100%;\" src=\"\/wp-content\/uploads\/2025\/09\/NationalCaptitalRegion.jpg\" \/><\/div>\n<p><a class=\"hp-facilities-link\" href=\"https:\/\/portagepower.com\/fr\/chaudiere-falls\/\"><span class=\"img-label\">R\u00e9gion de la capitale nationale Link<\/span><\/a><\/p>\n<\/div>\n<p>[\/vc_column_text][\/vc_column][vc_column width=\u00a0\u00bb1\/3&Prime;][vc_column_text css=\u00a0\u00bb\u00a0\u00bb]<\/p>\n<div class=\"hp-facilities\">\n<div class=\"hp-facilities-title\">\n<h4 style=\"text-align: center;\">EST DE<br \/>\nL\u2019ONTARIO<\/h4>\n<\/div>\n<div class=\"hp-facilities-explore\" style=\"text-align: center;\">Explorez<\/div>\n<div class=\"rounded-bottom\"><img decoding=\"async\" style=\"max-width: 100%;\" src=\"\/wp-content\/uploads\/2025\/09\/EasternOntario.jpg\" \/><\/div>\n<p><a class=\"hp-facilities-link\" href=\"https:\/\/portagepower.com\/fr\/eastern-ontario\/\"><span class=\"img-label\">Est de l\u2019Ontario Link<\/span><\/a><\/p>\n<\/div>\n<p>[\/vc_column_text][\/vc_column][vc_column width=\u00a0\u00bb1\/3&Prime;][vc_column_text css=\u00a0\u00bb\u00a0\u00bb]<\/p>\n<div class=\"hp-facilities\">\n<div class=\"hp-facilities-title\">\n<h4 style=\"text-align: center;\">\u00c9TAT DE<br \/>\nNEW YORK<\/h4>\n<\/div>\n<div class=\"hp-facilities-explore\" style=\"text-align: center;\">Explorez<\/div>\n<div class=\"rounded-bottom\"><img decoding=\"async\" style=\"max-width: 100%;\" src=\"\/wp-content\/uploads\/2025\/09\/NYState.jpg\" \/><\/div>\n<p><a class=\"hp-facilities-link\" href=\"https:\/\/portagepower.com\/fr\/new-york-state\/\"><span class=\"img-label\">\u00c9tat de New York Link<\/span><\/a><\/p>\n<\/div>\n<p>[\/vc_column_text][\/vc_column][\/vc_row][vc_row el_class=\u00a0\u00bbhr\u00a0\u00bb][vc_column][vc_column_text css=\u00a0\u00bb\u00a0\u00bb]Horizontal Line (Gradient)[\/vc_column_text][\/vc_column][\/vc_row][vc_row content_width=\u00a0\u00bbgrid\u00a0\u00bb css=\u00a0\u00bb.vc_custom_1758423593987{margin-top: 60px !important;margin-bottom: 40px !important;}\u00a0\u00bb][vc_column width=\u00a0\u00bb5\/6&Prime;][vc_column_text css=\u00a0\u00bb.vc_custom_1759940046198{margin-bottom: 30px !important;}\u00a0\u00bb]<\/p>\n<h2>D\u00c9COUVREZ<br \/>\nNOS R\u00c9CITS<\/h2>\n<p>[\/vc_column_text][vc_column_text css=\u00a0\u00bb\u00a0\u00bb]Apprenez-en plus sur l&rsquo;hydro\u00e9lectricit\u00e9, notre histoire et les initiatives qui fa\u00e7onnent un avenir plus propre.[\/vc_column_text][\/vc_column][vc_column width=\u00a0\u00bb1\/6&Prime;][\/vc_column][\/vc_row][vc_row content_width=\u00a0\u00bbgrid\u00a0\u00bb css=\u00a0\u00bb.vc_custom_1758045946837{padding-bottom: 30px !important;}\u00a0\u00bb][vc_column]<div class=\"qodef-blog-list-holder qodef-boxes qodef-three-columns\">\n\t<ul class=\"qodef-blog-list\">\n\t<li class=\"qodef-blog-list-item clearfix\">\n\t<div class=\"qodef-blog-list-item-inner\">\n\t\t<div class=\"qodef-item-image\">\n\t\t\t<a href=\"https:\/\/portagepower.com\/fr\/portage-energie-fournit-39-megawatts-denergie-propre-et-renouvelable-a-lontario\/\">\n\t\t\t\t<img loading=\"lazy\" decoding=\"async\" width=\"550\" height=\"309\" src=\"https:\/\/portagepower.com\/wp-content\/uploads\/2025\/01\/Hull2.png\" class=\"attachment-qode_startit_square size-qode_startit_square wp-post-image\" alt=\"\" \/>\t\t\t\t\n\t\t\t<\/a>\n\t\t<\/div>\n\t\t<div class=\"qodef-item-text-holder\">\n\t\t\t<h4 class=\"qodef-item-title\">\n\t\t\t\t<a href=\"https:\/\/portagepower.com\/fr\/portage-energie-fournit-39-megawatts-denergie-propre-et-renouvelable-a-lontario\/\" >\n\t\t\t\t\tPortage \u00e9nergie fournit 39 m\u00e9gawatts d\u2019\u00e9nergie propre et renouvelable \u00e0 l\u2019ontario\t\t\t\t<\/a>\n\t\t\t<\/h4>\n\t\t\t\n\t\t\t<div class=\"qodef-item-info-section\">\n\t\t\t\t<div class=\"qodef-post-info-author\">by <a class=\"qodef-post-info-author-link\" href=\"https:\/\/portagepower.com\/fr\/author\/anask\/\">Power Portage<\/a><\/div>\n<div class=\"qodef-post-info-category\">\n    in <a href=\"https:\/\/portagepower.com\/fr\/category\/tous-les-articles\/blogue\/a-la-une-blog-fr\/\" rel=\"category tag\">\u00c0 la une<\/a>, <a href=\"https:\/\/portagepower.com\/fr\/category\/tous-les-articles\/blogue\/\" rel=\"category tag\">Blogue<\/a>, <a href=\"https:\/\/portagepower.com\/fr\/category\/tous-les-articles\/blogue\/generer-lhistoire\/\" rel=\"category tag\">G\u00e9n\u00e9rer l\u2019histoire<\/a>, <a href=\"https:\/\/portagepower.com\/fr\/category\/tous-les-articles\/blogue\/hydroelectricite\/\" rel=\"category tag\">Hydro\u00e9lectricit\u00e9<\/a>, <a href=\"https:\/\/portagepower.com\/fr\/category\/tous-les-articles\/blogue\/region-de-la-capitale-nationale\/\" rel=\"category tag\">R\u00e9gion de la capitale nationale<\/a><\/div>\t\t\t<\/div>\n\t\t\t\n\t\t\t\t\t\t\t<p class=\"qodef-excerpt\">Rappelons d\u2019abord qu\u2019Hydro Ottawa a fait l\u2019acquisition, en 2012 et en 2016, de deux centrales hydro\u00e9lectriques situ\u00e9es aux chutes de...<\/p>\n\t\t\t\t\t<\/div>\n\t<\/div>\t\n<\/li><li class=\"qodef-blog-list-item clearfix\">\n\t<div class=\"qodef-blog-list-item-inner\">\n\t\t<div class=\"qodef-item-image\">\n\t\t\t<a href=\"https:\/\/portagepower.com\/fr\/dix-faits-captivants-que-vous-ne-connaissez-peut-etre-pas-concernant-les-chutes-de-la-chaudiere\/\">\n\t\t\t\t<img loading=\"lazy\" decoding=\"async\" width=\"550\" height=\"366\" src=\"https:\/\/portagepower.com\/wp-content\/uploads\/2019\/02\/LUT9959-compress.jpg\" class=\"attachment-qode_startit_square size-qode_startit_square wp-post-image\" alt=\"\" \/>\t\t\t\t\n\t\t\t<\/a>\n\t\t<\/div>\n\t\t<div class=\"qodef-item-text-holder\">\n\t\t\t<h4 class=\"qodef-item-title\">\n\t\t\t\t<a href=\"https:\/\/portagepower.com\/fr\/dix-faits-captivants-que-vous-ne-connaissez-peut-etre-pas-concernant-les-chutes-de-la-chaudiere\/\" >\n\t\t\t\t\tDix faits captivants que vous ne connaissez peut-\u00eatre pas concernant les chutes de la chaudi\u00e8re\t\t\t\t<\/a>\n\t\t\t<\/h4>\n\t\t\t\n\t\t\t<div class=\"qodef-item-info-section\">\n\t\t\t\t<div class=\"qodef-post-info-author\">by <a class=\"qodef-post-info-author-link\" href=\"https:\/\/portagepower.com\/fr\/author\/anask\/\">Power Portage<\/a><\/div>\n<div class=\"qodef-post-info-category\">\n    in <a href=\"https:\/\/portagepower.com\/fr\/category\/tous-les-articles\/blogue\/\" rel=\"category tag\">Blogue<\/a>, <a href=\"https:\/\/portagepower.com\/fr\/category\/tous-les-articles\/blogue\/hydroelectricite\/\" rel=\"category tag\">Hydro\u00e9lectricit\u00e9<\/a>, <a href=\"https:\/\/portagepower.com\/fr\/category\/tous-les-articles\/blogue\/region-de-la-capitale-nationale\/\" rel=\"category tag\">R\u00e9gion de la capitale nationale<\/a><\/div>\t\t\t<\/div>\n\t\t\t\n\t\t\t\t\t\t\t<p class=\"qodef-excerpt\">\u00c0 Ottawa, les chutes de la Chaudi\u00e8re constituent un lieu d\u2019int\u00e9r\u00eat remarquable o\u00f9 se trouvent plusieurs centrales hydro\u00e9lectriques q...<\/p>\n\t\t\t\t\t<\/div>\n\t<\/div>\t\n<\/li><li class=\"qodef-blog-list-item clearfix\">\n\t<div class=\"qodef-blog-list-item-inner\">\n\t\t<div class=\"qodef-item-image\">\n\t\t\t<a href=\"https:\/\/portagepower.com\/fr\/un-pan-de-lhistoire-de-la-production-delectricite-le-projet-dagrandissement-aux-chutes-de-la-chaudiere\/\">\n\t\t\t\t<img loading=\"lazy\" decoding=\"async\" width=\"550\" height=\"309\" src=\"https:\/\/portagepower.com\/wp-content\/uploads\/2024\/12\/Chaudiere-Powerhouse.png\" class=\"attachment-qode_startit_square size-qode_startit_square wp-post-image\" alt=\"\" \/>\t\t\t\t\n\t\t\t<\/a>\n\t\t<\/div>\n\t\t<div class=\"qodef-item-text-holder\">\n\t\t\t<h4 class=\"qodef-item-title\">\n\t\t\t\t<a href=\"https:\/\/portagepower.com\/fr\/un-pan-de-lhistoire-de-la-production-delectricite-le-projet-dagrandissement-aux-chutes-de-la-chaudiere\/\" >\n\t\t\t\t\tUn pan de l\u2019histoire de la production d\u2019\u00e9lectricit\u00e9 : le projet d\u2019agrandissement aux chutes de la chaudi\u00e8re\t\t\t\t<\/a>\n\t\t\t<\/h4>\n\t\t\t\n\t\t\t<div class=\"qodef-item-info-section\">\n\t\t\t\t<div class=\"qodef-post-info-author\">by <a class=\"qodef-post-info-author-link\" href=\"https:\/\/portagepower.com\/fr\/author\/anask\/\">Power Portage<\/a><\/div>\n<div class=\"qodef-post-info-category\">\n    in <a href=\"https:\/\/portagepower.com\/fr\/category\/tous-les-articles\/blogue\/\" rel=\"category tag\">Blogue<\/a>, <a href=\"https:\/\/portagepower.com\/fr\/category\/tous-les-articles\/blogue\/generer-lhistoire\/\" rel=\"category tag\">G\u00e9n\u00e9rer l\u2019histoire<\/a>, <a href=\"https:\/\/portagepower.com\/fr\/category\/tous-les-articles\/blogue\/hydroelectricite\/\" rel=\"category tag\">Hydro\u00e9lectricit\u00e9<\/a>, <a href=\"https:\/\/portagepower.com\/fr\/category\/tous-les-articles\/blogue\/region-de-la-capitale-nationale\/\" rel=\"category tag\">R\u00e9gion de la capitale nationale<\/a><\/div>\t\t\t<\/div>\n\t\t\t\n\t\t\t\t\t\t\t<p class=\"qodef-excerpt\">Notre vision du projet d\u2019agrandissement aux chutes de la Chaudi\u00e8re comprenait trois volets : produire de l\u2019\u00e9nergie propre et renouvela...<\/p>\n\t\t\t\t\t<\/div>\n\t<\/div>\t\n<\/li>\t<\/ul>\t\n<\/div>\n[\/vc_column][\/vc_row]<\/p>\n<\/div>","protected":false},"excerpt":{"rendered":"<p>[vc_row row_type=\u00a0\u00bbparallax\u00a0\u00bb content_width=\u00a0\u00bbgrid\u00a0\u00bb full_screen_section_height=\u00a0\u00bbno\u00a0\u00bb parallax_background_image=\u00a0\u00bb9449&Prime; el_id=\u00a0\u00bbpage-hero\u00a0\u00bb css=\u00a0\u00bb.vc_custom_1758569347853{padding-top: 300px !important;padding-bottom: 100px !important;background-color: #092B46 !important;}\u00a0\u00bb][vc_column][vc_column_text css=\u00a0\u00bb\u00a0\u00bb] La puissance de l\u2019eau [\/vc_column_text][\/vc_column][\/vc_row][vc_row content_width=\u00a0\u00bbgrid\u00a0\u00bb css=\u00a0\u00bb.vc_custom_1758301610051{padding-top: 40px !important;padding-bottom: 60px !important;}\u00a0\u00bb el_class=\u00a0\u00bbcenter-vertical grey-canoe-bg\u00a0\u00bb][vc_column width=\u00a0\u00bb1\/2&Prime;&#8230;<\/p>\n","protected":false},"author":3,"featured_media":0,"parent":0,"menu_order":0,"comment_status":"closed","ping_status":"closed","template":"full-width.php","meta":{"footnotes":""},"class_list":["post-10302","page","type-page","status-publish","hentry"],"yoast_head":"<!-- This site is optimized with the Yoast SEO plugin v27.4 - https:\/\/yoast.com\/product\/yoast-seo-wordpress\/ -->\n<title>Hydro\u00e9lectricit\u00e9 - Portage Power<\/title>\n<meta name=\"robots\" content=\"index, follow, max-snippet:-1, max-image-preview:large, max-video-preview:-1\" \/>\n<link rel=\"canonical\" href=\"https:\/\/portagepower.com\/fr\/hydroelectricite\/\" \/>\n<meta property=\"og:locale\" content=\"fr_FR\" \/>\n<meta property=\"og:type\" content=\"article\" \/>\n<meta property=\"og:title\" content=\"Hydro\u00e9lectricit\u00e9 - Portage Power\" \/>\n<meta property=\"og:description\" content=\"[vc_row row_type=\u00a0\u00bbparallax\u00a0\u00bb content_width=\u00a0\u00bbgrid\u00a0\u00bb full_screen_section_height=\u00a0\u00bbno\u00a0\u00bb parallax_background_image=\u00a0\u00bb9449&Prime; el_id=\u00a0\u00bbpage-hero\u00a0\u00bb css=\u00a0\u00bb.vc_custom_1758569347853{padding-top: 300px !important;padding-bottom: 100px !important;background-color: #092B46 !important;}\u00a0\u00bb][vc_column][vc_column_text css=\u00a0\u00bb\u00a0\u00bb] La puissance de l\u2019eau [\/vc_column_text][\/vc_column][\/vc_row][vc_row content_width=\u00a0\u00bbgrid\u00a0\u00bb css=\u00a0\u00bb.vc_custom_1758301610051{padding-top: 40px !important;padding-bottom: 60px !important;}\u00a0\u00bb el_class=\u00a0\u00bbcenter-vertical grey-canoe-bg\u00a0\u00bb][vc_column width=\u00a0\u00bb1\/2&Prime;...\" \/>\n<meta property=\"og:url\" content=\"https:\/\/portagepower.com\/fr\/hydroelectricite\/\" \/>\n<meta property=\"og:site_name\" content=\"Portage Power\" \/>\n<meta property=\"article:modified_time\" content=\"2025-10-10T17:59:47+00:00\" \/>\n<meta name=\"twitter:card\" content=\"summary_large_image\" \/>\n<meta name=\"twitter:label1\" content=\"Dur\u00e9e de lecture estim\u00e9e\" \/>\n\t<meta name=\"twitter:data1\" content=\"5 minutes\" \/>\n<script type=\"application\/ld+json\" class=\"yoast-schema-graph\">{\"@context\":\"https:\\\/\\\/schema.org\",\"@graph\":[{\"@type\":\"WebPage\",\"@id\":\"https:\\\/\\\/portagepower.com\\\/fr\\\/hydroelectricite\\\/\",\"url\":\"https:\\\/\\\/portagepower.com\\\/fr\\\/hydroelectricite\\\/\",\"name\":\"Hydro\u00e9lectricit\u00e9 - Portage Power\",\"isPartOf\":{\"@id\":\"https:\\\/\\\/portagepower.com\\\/#website\"},\"datePublished\":\"2025-09-19T13:53:58+00:00\",\"dateModified\":\"2025-10-10T17:59:47+00:00\",\"breadcrumb\":{\"@id\":\"https:\\\/\\\/portagepower.com\\\/fr\\\/hydroelectricite\\\/#breadcrumb\"},\"inLanguage\":\"fr-FR\",\"potentialAction\":[{\"@type\":\"ReadAction\",\"target\":[\"https:\\\/\\\/portagepower.com\\\/fr\\\/hydroelectricite\\\/\"]}]},{\"@type\":\"BreadcrumbList\",\"@id\":\"https:\\\/\\\/portagepower.com\\\/fr\\\/hydroelectricite\\\/#breadcrumb\",\"itemListElement\":[{\"@type\":\"ListItem\",\"position\":1,\"name\":\"Home\",\"item\":\"https:\\\/\\\/portagepower.com\\\/fr\\\/\"},{\"@type\":\"ListItem\",\"position\":2,\"name\":\"Hydro\u00e9lectricit\u00e9\"}]},{\"@type\":\"WebSite\",\"@id\":\"https:\\\/\\\/portagepower.com\\\/#website\",\"url\":\"https:\\\/\\\/portagepower.com\\\/\",\"name\":\"Portage Power\",\"description\":\"Generating Renewable Power\",\"potentialAction\":[{\"@type\":\"SearchAction\",\"target\":{\"@type\":\"EntryPoint\",\"urlTemplate\":\"https:\\\/\\\/portagepower.com\\\/?s={search_term_string}\"},\"query-input\":{\"@type\":\"PropertyValueSpecification\",\"valueRequired\":true,\"valueName\":\"search_term_string\"}}],\"inLanguage\":\"fr-FR\"}]}<\/script>\n<!-- \/ Yoast SEO plugin. -->","yoast_head_json":{"title":"Hydro\u00e9lectricit\u00e9 - Portage Power","robots":{"index":"index","follow":"follow","max-snippet":"max-snippet:-1","max-image-preview":"max-image-preview:large","max-video-preview":"max-video-preview:-1"},"canonical":"https:\/\/portagepower.com\/fr\/hydroelectricite\/","og_locale":"fr_FR","og_type":"article","og_title":"Hydro\u00e9lectricit\u00e9 - Portage Power","og_description":"[vc_row row_type=\u00a0\u00bbparallax\u00a0\u00bb content_width=\u00a0\u00bbgrid\u00a0\u00bb full_screen_section_height=\u00a0\u00bbno\u00a0\u00bb parallax_background_image=\u00a0\u00bb9449&Prime; el_id=\u00a0\u00bbpage-hero\u00a0\u00bb css=\u00a0\u00bb.vc_custom_1758569347853{padding-top: 300px !important;padding-bottom: 100px !important;background-color: #092B46 !important;}\u00a0\u00bb][vc_column][vc_column_text css=\u00a0\u00bb\u00a0\u00bb] La puissance de l\u2019eau [\/vc_column_text][\/vc_column][\/vc_row][vc_row content_width=\u00a0\u00bbgrid\u00a0\u00bb css=\u00a0\u00bb.vc_custom_1758301610051{padding-top: 40px !important;padding-bottom: 60px !important;}\u00a0\u00bb el_class=\u00a0\u00bbcenter-vertical grey-canoe-bg\u00a0\u00bb][vc_column width=\u00a0\u00bb1\/2&Prime;...","og_url":"https:\/\/portagepower.com\/fr\/hydroelectricite\/","og_site_name":"Portage Power","article_modified_time":"2025-10-10T17:59:47+00:00","twitter_card":"summary_large_image","twitter_misc":{"Dur\u00e9e de lecture estim\u00e9e":"5 minutes"},"schema":{"@context":"https:\/\/schema.org","@graph":[{"@type":"WebPage","@id":"https:\/\/portagepower.com\/fr\/hydroelectricite\/","url":"https:\/\/portagepower.com\/fr\/hydroelectricite\/","name":"Hydro\u00e9lectricit\u00e9 - Portage Power","isPartOf":{"@id":"https:\/\/portagepower.com\/#website"},"datePublished":"2025-09-19T13:53:58+00:00","dateModified":"2025-10-10T17:59:47+00:00","breadcrumb":{"@id":"https:\/\/portagepower.com\/fr\/hydroelectricite\/#breadcrumb"},"inLanguage":"fr-FR","potentialAction":[{"@type":"ReadAction","target":["https:\/\/portagepower.com\/fr\/hydroelectricite\/"]}]},{"@type":"BreadcrumbList","@id":"https:\/\/portagepower.com\/fr\/hydroelectricite\/#breadcrumb","itemListElement":[{"@type":"ListItem","position":1,"name":"Home","item":"https:\/\/portagepower.com\/fr\/"},{"@type":"ListItem","position":2,"name":"Hydro\u00e9lectricit\u00e9"}]},{"@type":"WebSite","@id":"https:\/\/portagepower.com\/#website","url":"https:\/\/portagepower.com\/","name":"Portage Power","description":"Generating Renewable Power","potentialAction":[{"@type":"SearchAction","target":{"@type":"EntryPoint","urlTemplate":"https:\/\/portagepower.com\/?s={search_term_string}"},"query-input":{"@type":"PropertyValueSpecification","valueRequired":true,"valueName":"search_term_string"}}],"inLanguage":"fr-FR"}]}},"_links":{"self":[{"href":"https:\/\/portagepower.com\/fr\/wp-json\/wp\/v2\/pages\/10302","targetHints":{"allow":["GET"]}}],"collection":[{"href":"https:\/\/portagepower.com\/fr\/wp-json\/wp\/v2\/pages"}],"about":[{"href":"https:\/\/portagepower.com\/fr\/wp-json\/wp\/v2\/types\/page"}],"author":[{"embeddable":true,"href":"https:\/\/portagepower.com\/fr\/wp-json\/wp\/v2\/users\/3"}],"replies":[{"embeddable":true,"href":"https:\/\/portagepower.com\/fr\/wp-json\/wp\/v2\/comments?post=10302"}],"version-history":[{"count":17,"href":"https:\/\/portagepower.com\/fr\/wp-json\/wp\/v2\/pages\/10302\/revisions"}],"predecessor-version":[{"id":10700,"href":"https:\/\/portagepower.com\/fr\/wp-json\/wp\/v2\/pages\/10302\/revisions\/10700"}],"wp:attachment":[{"href":"https:\/\/portagepower.com\/fr\/wp-json\/wp\/v2\/media?parent=10302"}],"curies":[{"name":"wp","href":"https:\/\/api.w.org\/{rel}","templated":true}]}}