{"id":10283,"date":"2025-09-26T10:18:49","date_gmt":"2025-09-26T15:18:49","guid":{"rendered":"https:\/\/portagepower.com\/solar-power\/"},"modified":"2025-10-08T16:28:29","modified_gmt":"2025-10-08T21:28:29","slug":"energie-solaire","status":"publish","type":"page","link":"https:\/\/portagepower.com\/fr\/energie-solaire\/","title":{"rendered":"\u00c9nergie solaire"},"content":{"rendered":"<div class=\"wpb-content-wrapper\"><p>[vc_row row_type=\u00a0\u00bbparallax\u00a0\u00bb content_width=\u00a0\u00bbgrid\u00a0\u00bb full_screen_section_height=\u00a0\u00bbno\u00a0\u00bb parallax_background_image=\u00a0\u00bb9899&Prime; el_id=\u00a0\u00bbpage-hero\u00a0\u00bb css=\u00a0\u00bb.vc_custom_1758899431104{padding-top: 300px !important;padding-bottom: 100px !important;background-color: #092B46 !important;}\u00a0\u00bb][vc_column][vc_column_text css=\u00a0\u00bb\u00a0\u00bb]<\/p>\n<h1>\u00c9clairer un avenir <span class=\"br\">plus durable<\/span><\/h1>\n<p>[\/vc_column_text][\/vc_column][\/vc_row][vc_row content_width=\u00a0\u00bbgrid\u00a0\u00bb css=\u00a0\u00bb.vc_custom_1758301610051{padding-top: 40px !important;padding-bottom: 60px !important;}\u00a0\u00bb el_class=\u00a0\u00bbcenter-vertical grey-canoe-bg\u00a0\u00bb][vc_column width=\u00a0\u00bb1\/2&Prime; css=\u00a0\u00bb.vc_custom_1757966861123{padding-top: 20px !important;padding-right: 40px !important;padding-bottom: 20px !important;padding-left: 40px !important;}\u00a0\u00bb][vc_column_text css=\u00a0\u00bb\u00a0\u00bb]Nous mettons \u00e0 profit notre vaste exp\u00e9rience et notre compr\u00e9hension approfondie des \u00e9nergies renouvelables pour r\u00e9aliser des projets solaires porteurs. Ax\u00e9s sur le d\u00e9veloppement solaire, les partenariats financiers et les installations commerciales, nous offrons des services complets allant de la conception et de la construction \u00e0 l\u2019exploitation et \u00e0 l\u2019entretien \u00e0 long terme.<\/p>\n<p>En tant que membre du Groupe Hydro Ottawa, nous sommes un partenaire de confiance, engag\u00e9 \u00e0 maximiser les avantages de l\u2019\u00e9nergie solaire pour les entreprises et les communaut\u00e9s \u2014 en favorisant la durabilit\u00e9 et en r\u00e9duisant les co\u00fbts \u00e9nerg\u00e9tiques.<\/p>\n<p>Nous sommes activement \u00e0 la recherche de projets solaires auxquels nous pouvons participer gr\u00e2ce \u00e0 diverses structures d\u2019investissement, dont :[\/vc_column_text][\/vc_column][vc_column width=\u00a0\u00bb1\/2&Prime; css=\u00a0\u00bb.vc_custom_1757966868417{padding-top: 20px !important;padding-right: 40px !important;padding-bottom: 20px !important;padding-left: 40px !important;}\u00a0\u00bb][vc_single_image image=\u00a0\u00bb9953&Prime; img_size=\u00a0\u00bbfull\u00a0\u00bb onclick=\u00a0\u00bbimg_link_large\u00a0\u00bb css=\u00a0\u00bb\u00a0\u00bb el_class=\u00a0\u00bbrounded-right\u00a0\u00bb][\/vc_column][\/vc_row][vc_row content_width=\u00a0\u00bbgrid\u00a0\u00bb css=\u00a0\u00bb.vc_custom_1758900693573{padding-top: 20px !important;padding-bottom: 20px !important;background: #FCE64C url(https:\/\/portagepower.com\/wp-content\/uploads\/2025\/09\/sp-pillars.jpg?id=9903) !important;background-position: center !important;background-repeat: no-repeat !important;background-size: cover !important;}\u00a0\u00bb el_id=\u00a0\u00bbsp-pillars\u00a0\u00bb el_class=\u00a0\u00bbicon-box\u00a0\u00bb][vc_column][vc_row_inner][vc_column_inner width=\u00a0\u00bb1\/2&Prime; css=\u00a0\u00bb.vc_custom_1758303088693{padding-top: 40px !important;padding-bottom: 40px !important;}\u00a0\u00bb][vc_single_image image=\u00a0\u00bb10259&Prime; css=\u00a0\u00bb\u00a0\u00bb][vc_column_text css=\u00a0\u00bb\u00a0\u00bb]<\/p>\n<h3>Projets provinciaux de grande envergure<\/h3>\n<p><span style=\"font-weight: 400;\">Nous faisons progresser la production solaire \u00e0 l\u2019\u00e9chelle des services publics par l\u2019entremise des appels d\u2019offres de la Soci\u00e9t\u00e9 ind\u00e9pendante d\u2019exploitation du r\u00e9seau d\u2019\u00e9lectricit\u00e9 (SIERE), y compris des projets propos\u00e9s \u00e0 Kanata et \u00e0 Richmond. Ces initiatives renforceront le r\u00e9seau \u00e9lectrique de l\u2019Ontario et appuieront la durabilit\u00e9 \u00e0 long terme.<\/span>[\/vc_column_text][\/vc_column_inner][vc_column_inner width=\u00a0\u00bb1\/2&Prime; css=\u00a0\u00bb.vc_custom_1758303097785{padding-top: 40px !important;padding-bottom: 40px !important;}\u00a0\u00bb][vc_single_image image=\u00a0\u00bb10166&Prime; css=\u00a0\u00bb\u00a0\u00bb][vc_column_text css=\u00a0\u00bb\u00a0\u00bb]<\/p>\n<h3>Possibilit\u00e9s de location <span class=\"br\">LEASE <\/span>de terrains<\/h3>\n<p>Nous offrons aux propri\u00e9taires fonciers \u2014 y compris les agriculteurs et les propri\u00e9taires commerciaux \u2014 la possibilit\u00e9 de louer leurs terrains pour le d\u00e9veloppement solaire. Cette occasion permet de diversifier les sources de revenus tout en contribuant \u00e0 la production d\u2019\u00e9nergie renouvelable. Que ce soit sur des terrains vacants, des propri\u00e9t\u00e9s commerciales ou des sites municipaux, nos projets solaires repr\u00e9sentent une fa\u00e7on durable et rentable de maximiser la valeur de votre propri\u00e9t\u00e9.[\/vc_column_text][\/vc_column_inner][\/vc_row_inner][vc_row_inner][vc_column_inner width=\u00a0\u00bb1\/2&Prime; css=\u00a0\u00bb.vc_custom_1758303314521{padding-top: 40px !important;padding-bottom: 40px !important;}\u00a0\u00bb][vc_single_image image=\u00a0\u00bb10168&Prime; css=\u00a0\u00bb\u00a0\u00bb][vc_column_text css=\u00a0\u00bb\u00a0\u00bb]<\/p>\n<h3>D\u00e9veloppement de projets solaires<\/h3>\n<p>Nous d\u00e9veloppons des projets solaires gr\u00e2ce \u00e0 des partenariats strat\u00e9giques et des investissements en capital. En collaborant avec des propri\u00e9taires fonciers, des municipalit\u00e9s et des entreprises, nous r\u00e9alisons des solutions allant des fermes solaires \u00e0 grande \u00e9chelle aux syst\u00e8mes sur les toits. Nous privil\u00e9gions les projets o\u00f9 nous pouvons investir aux c\u00f4t\u00e9s de nos partenaires, assurant un alignement et un succ\u00e8s partag\u00e9. Cette approche collaborative fournit une \u00e9nergie propre et renouvelable tout en g\u00e9n\u00e9rant des retomb\u00e9es \u00e9conomiques durables.[\/vc_column_text][\/vc_column_inner][vc_column_inner width=\u00a0\u00bb1\/2&Prime; css=\u00a0\u00bb.vc_custom_1758303114047{padding-top: 40px !important;padding-bottom: 40px !important;}\u00a0\u00bb][vc_single_image image=\u00a0\u00bb10257&Prime; css=\u00a0\u00bb\u00a0\u00bb][vc_column_text css=\u00a0\u00bb\u00a0\u00bb]<\/p>\n<h3>Exploitation et entretien (O&amp;M)<\/h3>\n<p>Nous assurons la performance \u00e0 long terme des actifs solaires que nous d\u00e9veloppons gr\u00e2ce \u00e0 nos services complets d\u2019exploitation et d\u2019entretien. Nos techniciens exp\u00e9riment\u00e9s effectuent une maintenance proactive, une surveillance continue et des r\u00e9parations rapides, optimisant ainsi la fiabilit\u00e9 et le rendement des investissements.[\/vc_column_text][\/vc_column_inner][\/vc_row_inner][\/vc_column][\/vc_row][vc_row content_width=\u00a0\u00bbgrid\u00a0\u00bb content_aligment=\u00a0\u00bbcenter\u00a0\u00bb css=\u00a0\u00bb.vc_custom_1758912120650{padding-top: 70px !important;padding-bottom: 70px !important;}\u00a0\u00bb][vc_column][vc_row_inner content_aligment=\u00a0\u00bbcenter\u00a0\u00bb][vc_column_inner width=\u00a0\u00bb1\/6&Prime;][\/vc_column_inner][vc_column_inner width=\u00a0\u00bb2\/3&Prime;][vc_column_text css=\u00a0\u00bb.vc_custom_1759954563113{margin-bottom: 20px !important;}\u00a0\u00bb]<\/p>\n<h4>Voir comment nous aidons la Ville d\u2019Ottawa \u00e0 avancer avec l\u2019\u00e9nergie solaire<\/h4>\n<p>[\/vc_column_text][vc_column_text css=\u00a0\u00bb.vc_custom_1759958633576{padding-bottom: 40px !important;}\u00a0\u00bb]Gr\u00e2ce \u00e0 huit installations solaires r\u00e9parties dans la ville d\u2019Ottawa, nous produisons pr\u00e8s de 2,3 MW d\u2019\u00e9nergie renouvelable \u2014 l\u2019\u00e9quivalent de plus de 2\u00a0000 foyers retir\u00e9s du r\u00e9seau chaque ann\u00e9e.[\/vc_column_text][\/vc_column_inner][vc_column_inner width=\u00a0\u00bb1\/6&Prime;][\/vc_column_inner][\/vc_row_inner]<div id=\"ultimate-video-222669e8f9d529b81\" class=\"ult-video  ult-adjust-bottom-margin ultimate-video-222669e8f9d529b81 ultv-9560 \"><div class=\"ultv-video ultv-aspect-ratio-16_9 ultv-subscribe-responsive-none\" data-videotype=\"uv_iframe\">\n\t\t\t\t\t\t<div class=\"ultv-video__outer-wrap\" data-autoplay=\"0\" data-device=\"false\"  data-iconbg=\"#3A3A3A\" data-overcolor=\"#00000000\" data-defaultbg=\"#1f1f1e\" data-defaultplay=\"image\"><div class=\"ultv-video__play\" data-src=\"https:\/\/www.youtube.com\/embed\/bzpOs-qk94Q?rel=0&#038;start&#038;end&#038;controls=1&#038;mute=0&#038;modestbranding=0&#038;autoplay=1\">\n\t\t\t\t\t\t\t\t<img decoding=\"async\" class=\"ultv-video__thumb\" src=\"https:\/\/portagepower.com\/wp-content\/uploads\/2025\/09\/sp-video.jpg\"\/>\n\t\t\t\t\t\t\t\t<div class=\"ultv-video__play-icon  ultv-animation-float\" style=\"width:101px\"><img decoding=\"async\" src=\"https:\/\/portagepower.com\/wp-content\/uploads\/2025\/09\/play-button.png\"\/><\/div> <\/div> <\/div><\/div><\/div>[\/vc_column][\/vc_row][vc_row el_id=\u00a0\u00bbhomepage-grey-curves\u00a0\u00bb][vc_column][vc_single_image image=\u00a0\u00bb9419&Prime; img_size=\u00a0\u00bbfull\u00a0\u00bb css=\u00a0\u00bb\u00a0\u00bb el_class=\u00a0\u00bbgrey-curves\u00a0\u00bb][\/vc_column][\/vc_row][vc_row content_width=\u00a0\u00bbgrid\u00a0\u00bb content_aligment=\u00a0\u00bbcenter\u00a0\u00bb css=\u00a0\u00bb.vc_custom_1757965434979{padding-top: 60px !important;padding-bottom: 60px !important;}\u00a0\u00bb el_id=\u00a0\u00bbadvance-green-initiatives\u00a0\u00bb][vc_column width=\u00a0\u00bb1\/4&Prime;][\/vc_column][vc_column width=\u00a0\u00bb1\/2&Prime;][vc_column_text css=\u00a0\u00bb\u00a0\u00bb el_class=\u00a0\u00bbwhite-text\u00a0\u00bb]<\/p>\n<h3>Pr\u00eat \u00e0 passer au solaire?<\/h3>\n<p>Faites le premier pas vers un avenir plus durable et \u00e9conomique.[\/vc_column_text][vc_column_text css=\u00a0\u00bb\u00a0\u00bb el_class=\u00a0\u00bbbtn-portage btn-green\u00a0\u00bb]<a href=\"mailto:info@portagepower.com\">Communiquez avec nous<\/a>[\/vc_column_text][\/vc_column][vc_column width=\u00a0\u00bb1\/4&Prime;][\/vc_column][\/vc_row][vc_row content_width=\u00a0\u00bbgrid\u00a0\u00bb css=\u00a0\u00bb.vc_custom_1758910743428{padding-top: 40px !important;padding-bottom: 40px !important;background-image: url(https:\/\/portagepower.com\/wp-content\/uploads\/2025\/09\/sp-explore.jpg?id=9943) !important;background-position: center !important;background-repeat: no-repeat !important;background-size: cover !important;}\u00a0\u00bb el_class=\u00a0\u00bbcenter-vertical\u00a0\u00bb][vc_column width=\u00a0\u00bb1\/2&Prime; css=\u00a0\u00bb.vc_custom_1757966861123{padding-top: 20px !important;padding-right: 40px !important;padding-bottom: 20px !important;padding-left: 40px !important;}\u00a0\u00bb][vc_column_text css=\u00a0\u00bb\u00a0\u00bb]<\/p>\n<h3>En savoir plus sur nos projets d\u2019\u00e9nergie solaire.<\/h3>\n<p>Portage \u00c9nergie propose des projets solaires de grande envergure afin de fournir une \u00e9nergie propre et fiable au r\u00e9seau \u00e9lectrique de l\u2019Ontario \u2014 r\u00e9pondant aux besoins \u00e9nerg\u00e9tiques futurs et cr\u00e9ant des avantages durables pour nos communaut\u00e9s.[\/vc_column_text][vc_column_text css=\u00a0\u00bb\u00a0\u00bb el_class=\u00a0\u00bbbtn-portage btn-blue\u00a0\u00bb]<a href=\"\/fr\/projects\/\">En savoir plus<\/a>[\/vc_column_text][\/vc_column][vc_column width=\u00a0\u00bb1\/2&Prime; css=\u00a0\u00bb.vc_custom_1757966868417{padding-top: 20px !important;padding-right: 40px !important;padding-bottom: 20px !important;padding-left: 40px !important;}\u00a0\u00bb][vc_single_image image=\u00a0\u00bb9951&Prime; img_size=\u00a0\u00bbfull\u00a0\u00bb css=\u00a0\u00bb\u00a0\u00bb el_class=\u00a0\u00bbrounded-right\u00a0\u00bb][\/vc_column][\/vc_row][vc_row el_class=\u00a0\u00bbhr\u00a0\u00bb][vc_column][vc_column_text css=\u00a0\u00bb\u00a0\u00bb]Horizontal Line (Gradient)[\/vc_column_text][\/vc_column][\/vc_row][vc_row content_width=\u00a0\u00bbgrid\u00a0\u00bb css=\u00a0\u00bb.vc_custom_1758911648505{margin-bottom: 40px !important;padding-top: 60px !important;}\u00a0\u00bb][vc_column width=\u00a0\u00bb5\/6&Prime;][vc_column_text css=\u00a0\u00bb.vc_custom_1759940110161{margin-bottom: 30px !important;}\u00a0\u00bb]<\/p>\n<h2>D\u00c9COUVREZ<br \/>\nNOS R\u00c9CITS<\/h2>\n<p>[\/vc_column_text][vc_column_text css=\u00a0\u00bb\u00a0\u00bb]D\u00e9couvrez-en plus sur la production d\u2019\u00e9nergie renouvelable, notre histoire et les initiatives qui fa\u00e7onnent un avenir plus propre.[\/vc_column_text][\/vc_column][vc_column width=\u00a0\u00bb1\/6&Prime;][\/vc_column][\/vc_row][vc_row content_width=\u00a0\u00bbgrid\u00a0\u00bb css=\u00a0\u00bb.vc_custom_1758045946837{padding-bottom: 30px !important;}\u00a0\u00bb][vc_column]<div class=\"qodef-blog-list-holder qodef-boxes qodef-three-columns\">\n\t<ul class=\"qodef-blog-list\">\n\t<li class=\"qodef-blog-list-item clearfix\">\n\t<div class=\"qodef-blog-list-item-inner\">\n\t\t<div class=\"qodef-item-image\">\n\t\t\t<a href=\"https:\/\/portagepower.com\/fr\/portage-energie-fournit-39-megawatts-denergie-propre-et-renouvelable-a-lontario\/\">\n\t\t\t\t<img loading=\"lazy\" decoding=\"async\" width=\"550\" height=\"309\" src=\"https:\/\/portagepower.com\/wp-content\/uploads\/2025\/01\/Hull2.png\" class=\"attachment-qode_startit_square size-qode_startit_square wp-post-image\" alt=\"\" \/>\t\t\t\t\n\t\t\t<\/a>\n\t\t<\/div>\n\t\t<div class=\"qodef-item-text-holder\">\n\t\t\t<h4 class=\"qodef-item-title\">\n\t\t\t\t<a href=\"https:\/\/portagepower.com\/fr\/portage-energie-fournit-39-megawatts-denergie-propre-et-renouvelable-a-lontario\/\" >\n\t\t\t\t\tPortage \u00e9nergie fournit 39 m\u00e9gawatts d\u2019\u00e9nergie propre et renouvelable \u00e0 l\u2019ontario\t\t\t\t<\/a>\n\t\t\t<\/h4>\n\t\t\t\n\t\t\t<div class=\"qodef-item-info-section\">\n\t\t\t\t<div class=\"qodef-post-info-author\">by <a class=\"qodef-post-info-author-link\" href=\"https:\/\/portagepower.com\/fr\/author\/anask\/\">Power Portage<\/a><\/div>\n<div class=\"qodef-post-info-category\">\n    in <a href=\"https:\/\/portagepower.com\/fr\/category\/tous-les-articles\/blogue\/a-la-une-blog-fr\/\" rel=\"category tag\">\u00c0 la une<\/a>, <a href=\"https:\/\/portagepower.com\/fr\/category\/tous-les-articles\/blogue\/\" rel=\"category tag\">Blogue<\/a>, <a href=\"https:\/\/portagepower.com\/fr\/category\/tous-les-articles\/blogue\/generer-lhistoire\/\" rel=\"category tag\">G\u00e9n\u00e9rer l\u2019histoire<\/a>, <a href=\"https:\/\/portagepower.com\/fr\/category\/tous-les-articles\/blogue\/hydroelectricite\/\" rel=\"category tag\">Hydro\u00e9lectricit\u00e9<\/a>, <a href=\"https:\/\/portagepower.com\/fr\/category\/tous-les-articles\/blogue\/region-de-la-capitale-nationale\/\" rel=\"category tag\">R\u00e9gion de la capitale nationale<\/a><\/div>\t\t\t<\/div>\n\t\t\t\n\t\t\t\t\t\t\t<p class=\"qodef-excerpt\">Rappelons d\u2019abord qu\u2019Hydro Ottawa a fait l\u2019acquisition, en 2012 et en 2016, de deux centrales hydro\u00e9lectriques situ\u00e9es aux chutes de...<\/p>\n\t\t\t\t\t<\/div>\n\t<\/div>\t\n<\/li><li class=\"qodef-blog-list-item clearfix\">\n\t<div class=\"qodef-blog-list-item-inner\">\n\t\t<div class=\"qodef-item-image\">\n\t\t\t<a href=\"https:\/\/portagepower.com\/fr\/dix-faits-captivants-que-vous-ne-connaissez-peut-etre-pas-concernant-les-chutes-de-la-chaudiere\/\">\n\t\t\t\t<img loading=\"lazy\" decoding=\"async\" width=\"550\" height=\"366\" src=\"https:\/\/portagepower.com\/wp-content\/uploads\/2019\/02\/LUT9959-compress.jpg\" class=\"attachment-qode_startit_square size-qode_startit_square wp-post-image\" alt=\"\" \/>\t\t\t\t\n\t\t\t<\/a>\n\t\t<\/div>\n\t\t<div class=\"qodef-item-text-holder\">\n\t\t\t<h4 class=\"qodef-item-title\">\n\t\t\t\t<a href=\"https:\/\/portagepower.com\/fr\/dix-faits-captivants-que-vous-ne-connaissez-peut-etre-pas-concernant-les-chutes-de-la-chaudiere\/\" >\n\t\t\t\t\tDix faits captivants que vous ne connaissez peut-\u00eatre pas concernant les chutes de la chaudi\u00e8re\t\t\t\t<\/a>\n\t\t\t<\/h4>\n\t\t\t\n\t\t\t<div class=\"qodef-item-info-section\">\n\t\t\t\t<div class=\"qodef-post-info-author\">by <a class=\"qodef-post-info-author-link\" href=\"https:\/\/portagepower.com\/fr\/author\/anask\/\">Power Portage<\/a><\/div>\n<div class=\"qodef-post-info-category\">\n    in <a href=\"https:\/\/portagepower.com\/fr\/category\/tous-les-articles\/blogue\/\" rel=\"category tag\">Blogue<\/a>, <a href=\"https:\/\/portagepower.com\/fr\/category\/tous-les-articles\/blogue\/hydroelectricite\/\" rel=\"category tag\">Hydro\u00e9lectricit\u00e9<\/a>, <a href=\"https:\/\/portagepower.com\/fr\/category\/tous-les-articles\/blogue\/region-de-la-capitale-nationale\/\" rel=\"category tag\">R\u00e9gion de la capitale nationale<\/a><\/div>\t\t\t<\/div>\n\t\t\t\n\t\t\t\t\t\t\t<p class=\"qodef-excerpt\">\u00c0 Ottawa, les chutes de la Chaudi\u00e8re constituent un lieu d\u2019int\u00e9r\u00eat remarquable o\u00f9 se trouvent plusieurs centrales hydro\u00e9lectriques q...<\/p>\n\t\t\t\t\t<\/div>\n\t<\/div>\t\n<\/li><li class=\"qodef-blog-list-item clearfix\">\n\t<div class=\"qodef-blog-list-item-inner\">\n\t\t<div class=\"qodef-item-image\">\n\t\t\t<a href=\"https:\/\/portagepower.com\/fr\/un-pan-de-lhistoire-de-la-production-delectricite-le-projet-dagrandissement-aux-chutes-de-la-chaudiere\/\">\n\t\t\t\t<img loading=\"lazy\" decoding=\"async\" width=\"550\" height=\"309\" src=\"https:\/\/portagepower.com\/wp-content\/uploads\/2024\/12\/Chaudiere-Powerhouse.png\" class=\"attachment-qode_startit_square size-qode_startit_square wp-post-image\" alt=\"\" \/>\t\t\t\t\n\t\t\t<\/a>\n\t\t<\/div>\n\t\t<div class=\"qodef-item-text-holder\">\n\t\t\t<h4 class=\"qodef-item-title\">\n\t\t\t\t<a href=\"https:\/\/portagepower.com\/fr\/un-pan-de-lhistoire-de-la-production-delectricite-le-projet-dagrandissement-aux-chutes-de-la-chaudiere\/\" >\n\t\t\t\t\tUn pan de l\u2019histoire de la production d\u2019\u00e9lectricit\u00e9 : le projet d\u2019agrandissement aux chutes de la chaudi\u00e8re\t\t\t\t<\/a>\n\t\t\t<\/h4>\n\t\t\t\n\t\t\t<div class=\"qodef-item-info-section\">\n\t\t\t\t<div class=\"qodef-post-info-author\">by <a class=\"qodef-post-info-author-link\" href=\"https:\/\/portagepower.com\/fr\/author\/anask\/\">Power Portage<\/a><\/div>\n<div class=\"qodef-post-info-category\">\n    in <a href=\"https:\/\/portagepower.com\/fr\/category\/tous-les-articles\/blogue\/\" rel=\"category tag\">Blogue<\/a>, <a href=\"https:\/\/portagepower.com\/fr\/category\/tous-les-articles\/blogue\/generer-lhistoire\/\" rel=\"category tag\">G\u00e9n\u00e9rer l\u2019histoire<\/a>, <a href=\"https:\/\/portagepower.com\/fr\/category\/tous-les-articles\/blogue\/hydroelectricite\/\" rel=\"category tag\">Hydro\u00e9lectricit\u00e9<\/a>, <a href=\"https:\/\/portagepower.com\/fr\/category\/tous-les-articles\/blogue\/region-de-la-capitale-nationale\/\" rel=\"category tag\">R\u00e9gion de la capitale nationale<\/a><\/div>\t\t\t<\/div>\n\t\t\t\n\t\t\t\t\t\t\t<p class=\"qodef-excerpt\">Notre vision du projet d\u2019agrandissement aux chutes de la Chaudi\u00e8re comprenait trois volets : produire de l\u2019\u00e9nergie propre et renouvela...<\/p>\n\t\t\t\t\t<\/div>\n\t<\/div>\t\n<\/li>\t<\/ul>\t\n<\/div>\n[\/vc_column][\/vc_row]<\/p>\n<\/div>","protected":false},"excerpt":{"rendered":"<p>[vc_row row_type=\u00a0\u00bbparallax\u00a0\u00bb content_width=\u00a0\u00bbgrid\u00a0\u00bb full_screen_section_height=\u00a0\u00bbno\u00a0\u00bb parallax_background_image=\u00a0\u00bb9899&Prime; el_id=\u00a0\u00bbpage-hero\u00a0\u00bb css=\u00a0\u00bb.vc_custom_1758899431104{padding-top: 300px !important;padding-bottom: 100px !important;background-color: #092B46 !important;}\u00a0\u00bb][vc_column][vc_column_text css=\u00a0\u00bb\u00a0\u00bb] \u00c9clairer un avenir plus durable [\/vc_column_text][\/vc_column][\/vc_row][vc_row content_width=\u00a0\u00bbgrid\u00a0\u00bb css=\u00a0\u00bb.vc_custom_1758301610051{padding-top: 40px !important;padding-bottom: 60px !important;}\u00a0\u00bb el_class=\u00a0\u00bbcenter-vertical grey-canoe-bg\u00a0\u00bb][vc_column&#8230;<\/p>\n","protected":false},"author":3,"featured_media":0,"parent":0,"menu_order":0,"comment_status":"closed","ping_status":"closed","template":"full-width.php","meta":{"footnotes":""},"class_list":["post-10283","page","type-page","status-publish","hentry"],"yoast_head":"<!-- This site is optimized with the Yoast SEO plugin v27.4 - https:\/\/yoast.com\/product\/yoast-seo-wordpress\/ -->\n<title>\u00c9nergie solaire - Portage Power<\/title>\n<meta name=\"robots\" content=\"index, follow, max-snippet:-1, max-image-preview:large, max-video-preview:-1\" \/>\n<link rel=\"canonical\" href=\"https:\/\/portagepower.com\/fr\/energie-solaire\/\" \/>\n<meta property=\"og:locale\" content=\"fr_FR\" \/>\n<meta property=\"og:type\" content=\"article\" \/>\n<meta property=\"og:title\" content=\"\u00c9nergie solaire - Portage Power\" \/>\n<meta property=\"og:description\" content=\"[vc_row row_type=\u00a0\u00bbparallax\u00a0\u00bb content_width=\u00a0\u00bbgrid\u00a0\u00bb full_screen_section_height=\u00a0\u00bbno\u00a0\u00bb parallax_background_image=\u00a0\u00bb9899&Prime; el_id=\u00a0\u00bbpage-hero\u00a0\u00bb css=\u00a0\u00bb.vc_custom_1758899431104{padding-top: 300px !important;padding-bottom: 100px !important;background-color: #092B46 !important;}\u00a0\u00bb][vc_column][vc_column_text css=\u00a0\u00bb\u00a0\u00bb] \u00c9clairer un avenir plus durable [\/vc_column_text][\/vc_column][\/vc_row][vc_row content_width=\u00a0\u00bbgrid\u00a0\u00bb css=\u00a0\u00bb.vc_custom_1758301610051{padding-top: 40px !important;padding-bottom: 60px !important;}\u00a0\u00bb el_class=\u00a0\u00bbcenter-vertical grey-canoe-bg\u00a0\u00bb][vc_column...\" \/>\n<meta property=\"og:url\" content=\"https:\/\/portagepower.com\/fr\/energie-solaire\/\" \/>\n<meta property=\"og:site_name\" content=\"Portage Power\" \/>\n<meta property=\"article:modified_time\" content=\"2025-10-08T21:28:29+00:00\" \/>\n<meta name=\"twitter:card\" content=\"summary_large_image\" \/>\n<meta name=\"twitter:label1\" content=\"Dur\u00e9e de lecture estim\u00e9e\" \/>\n\t<meta name=\"twitter:data1\" content=\"4 minutes\" \/>\n<script type=\"application\/ld+json\" class=\"yoast-schema-graph\">{\"@context\":\"https:\\\/\\\/schema.org\",\"@graph\":[{\"@type\":\"WebPage\",\"@id\":\"https:\\\/\\\/portagepower.com\\\/fr\\\/energie-solaire\\\/\",\"url\":\"https:\\\/\\\/portagepower.com\\\/fr\\\/energie-solaire\\\/\",\"name\":\"\u00c9nergie solaire - Portage Power\",\"isPartOf\":{\"@id\":\"https:\\\/\\\/portagepower.com\\\/#website\"},\"datePublished\":\"2025-09-26T15:18:49+00:00\",\"dateModified\":\"2025-10-08T21:28:29+00:00\",\"breadcrumb\":{\"@id\":\"https:\\\/\\\/portagepower.com\\\/fr\\\/energie-solaire\\\/#breadcrumb\"},\"inLanguage\":\"fr-FR\",\"potentialAction\":[{\"@type\":\"ReadAction\",\"target\":[\"https:\\\/\\\/portagepower.com\\\/fr\\\/energie-solaire\\\/\"]}]},{\"@type\":\"BreadcrumbList\",\"@id\":\"https:\\\/\\\/portagepower.com\\\/fr\\\/energie-solaire\\\/#breadcrumb\",\"itemListElement\":[{\"@type\":\"ListItem\",\"position\":1,\"name\":\"Home\",\"item\":\"https:\\\/\\\/portagepower.com\\\/fr\\\/\"},{\"@type\":\"ListItem\",\"position\":2,\"name\":\"\u00c9nergie solaire\"}]},{\"@type\":\"WebSite\",\"@id\":\"https:\\\/\\\/portagepower.com\\\/#website\",\"url\":\"https:\\\/\\\/portagepower.com\\\/\",\"name\":\"Portage Power\",\"description\":\"Generating Renewable Power\",\"potentialAction\":[{\"@type\":\"SearchAction\",\"target\":{\"@type\":\"EntryPoint\",\"urlTemplate\":\"https:\\\/\\\/portagepower.com\\\/?s={search_term_string}\"},\"query-input\":{\"@type\":\"PropertyValueSpecification\",\"valueRequired\":true,\"valueName\":\"search_term_string\"}}],\"inLanguage\":\"fr-FR\"}]}<\/script>\n<!-- \/ Yoast SEO plugin. -->","yoast_head_json":{"title":"\u00c9nergie solaire - Portage Power","robots":{"index":"index","follow":"follow","max-snippet":"max-snippet:-1","max-image-preview":"max-image-preview:large","max-video-preview":"max-video-preview:-1"},"canonical":"https:\/\/portagepower.com\/fr\/energie-solaire\/","og_locale":"fr_FR","og_type":"article","og_title":"\u00c9nergie solaire - Portage Power","og_description":"[vc_row row_type=\u00a0\u00bbparallax\u00a0\u00bb content_width=\u00a0\u00bbgrid\u00a0\u00bb full_screen_section_height=\u00a0\u00bbno\u00a0\u00bb parallax_background_image=\u00a0\u00bb9899&Prime; el_id=\u00a0\u00bbpage-hero\u00a0\u00bb css=\u00a0\u00bb.vc_custom_1758899431104{padding-top: 300px !important;padding-bottom: 100px !important;background-color: #092B46 !important;}\u00a0\u00bb][vc_column][vc_column_text css=\u00a0\u00bb\u00a0\u00bb] \u00c9clairer un avenir plus durable [\/vc_column_text][\/vc_column][\/vc_row][vc_row content_width=\u00a0\u00bbgrid\u00a0\u00bb css=\u00a0\u00bb.vc_custom_1758301610051{padding-top: 40px !important;padding-bottom: 60px !important;}\u00a0\u00bb el_class=\u00a0\u00bbcenter-vertical grey-canoe-bg\u00a0\u00bb][vc_column...","og_url":"https:\/\/portagepower.com\/fr\/energie-solaire\/","og_site_name":"Portage Power","article_modified_time":"2025-10-08T21:28:29+00:00","twitter_card":"summary_large_image","twitter_misc":{"Dur\u00e9e de lecture estim\u00e9e":"4 minutes"},"schema":{"@context":"https:\/\/schema.org","@graph":[{"@type":"WebPage","@id":"https:\/\/portagepower.com\/fr\/energie-solaire\/","url":"https:\/\/portagepower.com\/fr\/energie-solaire\/","name":"\u00c9nergie solaire - Portage Power","isPartOf":{"@id":"https:\/\/portagepower.com\/#website"},"datePublished":"2025-09-26T15:18:49+00:00","dateModified":"2025-10-08T21:28:29+00:00","breadcrumb":{"@id":"https:\/\/portagepower.com\/fr\/energie-solaire\/#breadcrumb"},"inLanguage":"fr-FR","potentialAction":[{"@type":"ReadAction","target":["https:\/\/portagepower.com\/fr\/energie-solaire\/"]}]},{"@type":"BreadcrumbList","@id":"https:\/\/portagepower.com\/fr\/energie-solaire\/#breadcrumb","itemListElement":[{"@type":"ListItem","position":1,"name":"Home","item":"https:\/\/portagepower.com\/fr\/"},{"@type":"ListItem","position":2,"name":"\u00c9nergie solaire"}]},{"@type":"WebSite","@id":"https:\/\/portagepower.com\/#website","url":"https:\/\/portagepower.com\/","name":"Portage Power","description":"Generating Renewable Power","potentialAction":[{"@type":"SearchAction","target":{"@type":"EntryPoint","urlTemplate":"https:\/\/portagepower.com\/?s={search_term_string}"},"query-input":{"@type":"PropertyValueSpecification","valueRequired":true,"valueName":"search_term_string"}}],"inLanguage":"fr-FR"}]}},"_links":{"self":[{"href":"https:\/\/portagepower.com\/fr\/wp-json\/wp\/v2\/pages\/10283","targetHints":{"allow":["GET"]}}],"collection":[{"href":"https:\/\/portagepower.com\/fr\/wp-json\/wp\/v2\/pages"}],"about":[{"href":"https:\/\/portagepower.com\/fr\/wp-json\/wp\/v2\/types\/page"}],"author":[{"embeddable":true,"href":"https:\/\/portagepower.com\/fr\/wp-json\/wp\/v2\/users\/3"}],"replies":[{"embeddable":true,"href":"https:\/\/portagepower.com\/fr\/wp-json\/wp\/v2\/comments?post=10283"}],"version-history":[{"count":19,"href":"https:\/\/portagepower.com\/fr\/wp-json\/wp\/v2\/pages\/10283\/revisions"}],"predecessor-version":[{"id":10644,"href":"https:\/\/portagepower.com\/fr\/wp-json\/wp\/v2\/pages\/10283\/revisions\/10644"}],"wp:attachment":[{"href":"https:\/\/portagepower.com\/fr\/wp-json\/wp\/v2\/media?parent=10283"}],"curies":[{"name":"wp","href":"https:\/\/api.w.org\/{rel}","templated":true}]}}